{"id":11297,"date":"2024-05-27T16:34:05","date_gmt":"2024-05-27T14:34:05","guid":{"rendered":"https:\/\/admin.water-horizon.com\/?page_id=11297"},"modified":"2026-04-22T11:55:20","modified_gmt":"2026-04-22T09:55:20","slug":"nos-realisations","status":"publish","type":"page","link":"http:\/\/water-horizon.com\/en\/nos-realisations\/","title":{"rendered":"Our Projects"},"content":{"rendered":"\t\t<div data-elementor-type=\"wp-page\" data-elementor-id=\"11297\" class=\"elementor elementor-11297\">\n\t\t\t\t\t\t<section class=\"elementor-section elementor-top-section elementor-element elementor-element-0eed32b elementor-section-full_width elementor-section-height-min-height qodef-elementor-content-grid elementor-section-height-default elementor-section-items-middle\" data-id=\"0eed32b\" data-element_type=\"section\" data-settings=\"{&quot;background_background&quot;:&quot;classic&quot;}\">\n\t\t\t\t\t\t<div class=\"elementor-container elementor-column-gap-no\">\n\t\t\t\t\t<div class=\"elementor-column elementor-col-100 elementor-top-column elementor-element elementor-element-db53fae\" data-id=\"db53fae\" data-element_type=\"column\">\n\t\t\t<div class=\"elementor-widget-wrap elementor-element-populated\">\n\t\t\t\t\t\t<div class=\"elementor-element elementor-element-314179c elementor-widget elementor-widget-leroux_core_section_title\" data-id=\"314179c\" data-element_type=\"widget\" data-widget_type=\"leroux_core_section_title.default\">\n\t\t\t\t<div class=\"elementor-widget-container\">\n\t\t\t\t\t<div class=\"qodef-shortcode qodef-m  qodef-section-title qodef-alignment--left \">\n\t\t<h1 class=\"qodef-m-title\" style=\"color: #EEEEEE;--qodef-title-emphasized-words-color: #0A5CFF\">\n\t\t\t\t\tD\u00e9couvrez nos<br \/> pr\u00e9c\u00e9dentes <span class=\"qodef-special-style\">r\u00e9alisations<\/span>\t\t\t<\/h1>\n\t<\/div>\n\t\t\t\t<\/div>\n\t\t\t\t<\/div>\n\t\t\t\t\t<\/div>\n\t\t<\/div>\n\t\t\t\t\t<\/div>\n\t\t<\/section>\n\t\t\t\t<section class=\"elementor-section elementor-top-section elementor-element elementor-element-a654b21 elementor-section-full_width elementor-section-height-min-height qodef-elementor-content-grid elementor-section-height-default elementor-section-items-middle\" data-id=\"a654b21\" data-element_type=\"section\">\n\t\t\t\t\t\t<div class=\"elementor-container elementor-column-gap-no\">\n\t\t\t\t\t<div class=\"elementor-column elementor-col-100 elementor-top-column elementor-element elementor-element-2ef1f37\" data-id=\"2ef1f37\" data-element_type=\"column\">\n\t\t\t<div class=\"elementor-widget-wrap elementor-element-populated\">\n\t\t\t\t\t\t<div class=\"elementor-element elementor-element-c6a17dd elementor-widget elementor-widget-leroux_core_portfolio_list\" data-id=\"c6a17dd\" data-element_type=\"widget\" data-widget_type=\"leroux_core_portfolio_list.default\">\n\t\t\t\t<div class=\"elementor-widget-container\">\n\t\t\t\t\t<div class=\"qodef-shortcode qodef-m  qodef-portfolio-list qodef-item-layout--info-on-image qodef-grid qodef-layout--masonry    qodef-col-num--2 qodef-item-layout--info-on-image qodef-pagination--off qodef-responsive--predefined\" data-options=\"{&quot;plugin&quot;:&quot;leroux_core&quot;,&quot;module&quot;:&quot;post-types\\\/portfolio\\\/shortcodes&quot;,&quot;shortcode&quot;:&quot;portfolio-list&quot;,&quot;post_type&quot;:&quot;portfolio-item&quot;,&quot;next_page&quot;:&quot;2&quot;,&quot;max_pages_num&quot;:1,&quot;behavior&quot;:&quot;masonry&quot;,&quot;columns&quot;:&quot;2&quot;,&quot;columns_responsive&quot;:&quot;predefined&quot;,&quot;parallax_item&quot;:&quot;yes&quot;,&quot;posts_per_page&quot;:&quot;9&quot;,&quot;orderby&quot;:&quot;title&quot;,&quot;order&quot;:&quot;DESC&quot;,&quot;additional_params&quot;:&quot;tax&quot;,&quot;tax&quot;:&quot;portfolio-category&quot;,&quot;tax_slug&quot;:&quot;french&quot;,&quot;layout&quot;:&quot;info-on-image&quot;,&quot;hover_animation_info-below&quot;:&quot;overlay&quot;,&quot;hover_animation_info-follow&quot;:&quot;follow&quot;,&quot;hover_animation_info-on-hover&quot;:&quot;fade-in&quot;,&quot;title_tag&quot;:&quot;h4&quot;,&quot;custom_margin&quot;:&quot;no&quot;,&quot;enable_filter&quot;:&quot;no&quot;,&quot;pagination_type&quot;:&quot;no-pagination&quot;,&quot;object_class_name&quot;:&quot;LerouxCore_Portfolio_List_Shortcode&quot;,&quot;taxonomy_filter&quot;:&quot;portfolio-category&quot;,&quot;additional_query_args&quot;:{&quot;tax_query&quot;:[{&quot;taxonomy&quot;:&quot;portfolio-category&quot;,&quot;field&quot;:&quot;slug&quot;,&quot;terms&quot;:&quot;french&quot;}]}}\">\n\t\t<div class=\"qodef-grid-inner\">\n\t\t\t<div class=\"qodef-grid-masonry-sizer\"><\/div>\n<article class=\"qodef-e qodef-grid-item qodef-parallax-item post-11300 portfolio-item type-portfolio-item status-publish has-post-thumbnail hentry portfolio-category-french portfolio-category-realisations portfolio-tag-project\">\n\t<div class=\"qodef-e-inner\" >\n\t\t<div class=\"qodef-e-media\">\n\t\t\t\t<div class=\"qodef-e-media-image\">\n\t\t<a itemprop=\"url\" href=\"http:\/\/water-horizon.com\/en\/projets\/projet-toulouse\/\" target=\"_self\">\n\t\t\t<img fetchpriority=\"high\" decoding=\"async\" width=\"1600\" height=\"1053\" src=\"https:\/\/water-horizon.com\/wp-content\/uploads\/2024\/05\/Photo-Toulouse-credit-Toulouse-Evenements_1.jpg\" class=\"attachment-full size-full\" alt=\"\" srcset=\"https:\/\/water-horizon.com\/wp-content\/uploads\/2024\/05\/Photo-Toulouse-credit-Toulouse-Evenements_1.jpg 1600w, https:\/\/water-horizon.com\/wp-content\/uploads\/2024\/05\/Photo-Toulouse-credit-Toulouse-Evenements_1-300x197.jpg 300w, https:\/\/water-horizon.com\/wp-content\/uploads\/2024\/05\/Photo-Toulouse-credit-Toulouse-Evenements_1-1024x674.jpg 1024w, https:\/\/water-horizon.com\/wp-content\/uploads\/2024\/05\/Photo-Toulouse-credit-Toulouse-Evenements_1-768x505.jpg 768w, https:\/\/water-horizon.com\/wp-content\/uploads\/2024\/05\/Photo-Toulouse-credit-Toulouse-Evenements_1-1536x1011.jpg 1536w\" sizes=\"(max-width: 1600px) 100vw, 1600px\" \/>\t\t<\/a>\n\t<\/div>\n\t\t<\/div>\n\t\t<div class=\"qodef-e-content\">\n\t\t\t<div class=\"qodef-e-top-holder\">\n\t\t\t\t<div class=\"qodef-e-text\">\n\t\t\t\t\t<h4 itemprop=\"name\" class=\"qodef-e-title entry-title\" >\n\t<a itemprop=\"url\" class=\"qodef-e-title-link\" href=\"http:\/\/water-horizon.com\/en\/projets\/projet-toulouse\/\" target=\"_self\">\n\t\tToulouse\t<\/a>\n<\/h4>\n\t\t\t\t<\/div>\n\t\t\t<\/div>\n\t\t\t<div class=\"qodef-e-info\">\n\t\t\t\t\t<a href=\"http:\/\/water-horizon.com\/en\/portfolio-category\/french\/\" rel=\"tag\">Fran\u00e7ais<\/a><span class=\"qodef-info-category-separator-single\"><\/span><a href=\"http:\/\/water-horizon.com\/en\/portfolio-category\/realisations\/\" rel=\"tag\">Nos R\u00e9alisations<\/a>\t<div class=\"qodef-info-separator-end\"><\/div>\n\t\t\t<\/div>\n\t\t<\/div>\n\t\t<a itemprop=\"url\" class=\"qodef-e-post-link\" href=\"http:\/\/water-horizon.com\/en\/projets\/projet-toulouse\/\" target=\"_self\"><\/a>\n\t<\/div>\n<\/article>\n<article class=\"qodef-e qodef-grid-item qodef-parallax-item post-11305 portfolio-item type-portfolio-item status-publish has-post-thumbnail hentry portfolio-category-french portfolio-category-realisations portfolio-tag-project\">\n\t<div class=\"qodef-e-inner\" >\n\t\t<div class=\"qodef-e-media\">\n\t\t\t\t<div class=\"qodef-e-media-image\">\n\t\t<a itemprop=\"url\" href=\"http:\/\/water-horizon.com\/en\/projets\/la-rochelle\/\" target=\"_self\">\n\t\t\t<img decoding=\"async\" width=\"1600\" height=\"600\" src=\"https:\/\/water-horizon.com\/wp-content\/uploads\/2024\/05\/la-rochelle_header.jpg\" class=\"attachment-full size-full wp-post-image\" alt=\"\" srcset=\"https:\/\/water-horizon.com\/wp-content\/uploads\/2024\/05\/la-rochelle_header.jpg 1600w, https:\/\/water-horizon.com\/wp-content\/uploads\/2024\/05\/la-rochelle_header-300x113.jpg 300w, https:\/\/water-horizon.com\/wp-content\/uploads\/2024\/05\/la-rochelle_header-1024x384.jpg 1024w, https:\/\/water-horizon.com\/wp-content\/uploads\/2024\/05\/la-rochelle_header-768x288.jpg 768w, https:\/\/water-horizon.com\/wp-content\/uploads\/2024\/05\/la-rochelle_header-1536x576.jpg 1536w\" sizes=\"(max-width: 1600px) 100vw, 1600px\" \/>\t\t<\/a>\n\t<\/div>\n\t\t<\/div>\n\t\t<div class=\"qodef-e-content\">\n\t\t\t<div class=\"qodef-e-top-holder\">\n\t\t\t\t<div class=\"qodef-e-text\">\n\t\t\t\t\t<h4 itemprop=\"name\" class=\"qodef-e-title entry-title\" >\n\t<a itemprop=\"url\" class=\"qodef-e-title-link\" href=\"http:\/\/water-horizon.com\/en\/projets\/la-rochelle\/\" target=\"_self\">\n\t\tLa Rochelle\t<\/a>\n<\/h4>\n\t\t\t\t<\/div>\n\t\t\t<\/div>\n\t\t\t<div class=\"qodef-e-info\">\n\t\t\t\t\t<a href=\"http:\/\/water-horizon.com\/en\/portfolio-category\/french\/\" rel=\"tag\">Fran\u00e7ais<\/a><span class=\"qodef-info-category-separator-single\"><\/span><a href=\"http:\/\/water-horizon.com\/en\/portfolio-category\/realisations\/\" rel=\"tag\">Nos R\u00e9alisations<\/a>\t<div class=\"qodef-info-separator-end\"><\/div>\n\t\t\t<\/div>\n\t\t<\/div>\n\t\t<a itemprop=\"url\" class=\"qodef-e-post-link\" href=\"http:\/\/water-horizon.com\/en\/projets\/la-rochelle\/\" target=\"_self\"><\/a>\n\t<\/div>\n<\/article>\n<article class=\"qodef-e qodef-grid-item qodef-parallax-item post-11307 portfolio-item type-portfolio-item status-publish has-post-thumbnail hentry portfolio-category-french portfolio-category-realisations portfolio-tag-project\">\n\t<div class=\"qodef-e-inner\" >\n\t\t<div class=\"qodef-e-media\">\n\t\t\t\t<div class=\"qodef-e-media-image\">\n\t\t<a itemprop=\"url\" href=\"http:\/\/water-horizon.com\/en\/projets\/bessieres\/\" target=\"_self\">\n\t\t\t<img decoding=\"async\" width=\"1200\" height=\"675\" src=\"https:\/\/water-horizon.com\/wp-content\/uploads\/2024\/07\/BDSI7915-1.jpg\" class=\"attachment-full size-full wp-post-image\" alt=\"\" srcset=\"https:\/\/water-horizon.com\/wp-content\/uploads\/2024\/07\/BDSI7915-1.jpg 1200w, https:\/\/water-horizon.com\/wp-content\/uploads\/2024\/07\/BDSI7915-1-300x169.jpg 300w, https:\/\/water-horizon.com\/wp-content\/uploads\/2024\/07\/BDSI7915-1-1024x576.jpg 1024w, https:\/\/water-horizon.com\/wp-content\/uploads\/2024\/07\/BDSI7915-1-768x432.jpg 768w\" sizes=\"(max-width: 1200px) 100vw, 1200px\" \/>\t\t<\/a>\n\t<\/div>\n\t\t<\/div>\n\t\t<div class=\"qodef-e-content\">\n\t\t\t<div class=\"qodef-e-top-holder\">\n\t\t\t\t<div class=\"qodef-e-text\">\n\t\t\t\t\t<h4 itemprop=\"name\" class=\"qodef-e-title entry-title\" >\n\t<a itemprop=\"url\" class=\"qodef-e-title-link\" href=\"http:\/\/water-horizon.com\/en\/projets\/bessieres\/\" target=\"_self\">\n\t\tBessi\u00e8res\t<\/a>\n<\/h4>\n\t\t\t\t<\/div>\n\t\t\t<\/div>\n\t\t\t<div class=\"qodef-e-info\">\n\t\t\t\t\t<a href=\"http:\/\/water-horizon.com\/en\/portfolio-category\/french\/\" rel=\"tag\">Fran\u00e7ais<\/a><span class=\"qodef-info-category-separator-single\"><\/span><a href=\"http:\/\/water-horizon.com\/en\/portfolio-category\/realisations\/\" rel=\"tag\">Nos R\u00e9alisations<\/a>\t<div class=\"qodef-info-separator-end\"><\/div>\n\t\t\t<\/div>\n\t\t<\/div>\n\t\t<a itemprop=\"url\" class=\"qodef-e-post-link\" href=\"http:\/\/water-horizon.com\/en\/projets\/bessieres\/\" target=\"_self\"><\/a>\n\t<\/div>\n<\/article>\n\t<\/div>\n\t<\/div>\n\t\t\t\t<\/div>\n\t\t\t\t<\/div>\n\t\t\t\t\t<\/div>\n\t\t<\/div>\n\t\t\t\t\t<\/div>\n\t\t<\/section>\n\t\t\t\t<\/div>\n\t\t","protected":false},"excerpt":{"rendered":"<p>D\u00e9couvrez nos pr\u00e9c\u00e9dentes r\u00e9alisations Toulouse Fran\u00e7aisNos R\u00e9alisations La Rochelle Fran\u00e7aisNos R\u00e9alisations Bessi\u00e8res Fran\u00e7aisNos R\u00e9alisations<\/p>","protected":false},"author":1,"featured_media":0,"parent":0,"menu_order":0,"comment_status":"closed","ping_status":"closed","template":"page-full-width.php","meta":{"footnotes":""},"class_list":["post-11297","page","type-page","status-publish","hentry"],"yoast_head":"<!-- This site is optimized with the Yoast SEO plugin v27.4 - https:\/\/yoast.com\/product\/yoast-seo-wordpress\/ -->\n<title>Nos R\u00e9alisations - Water Horizon<\/title>\n<meta name=\"description\" content=\"Parcourez les r\u00e9alisations de Water Horizon et d\u00e9couvrez comment nos batteries thermiques innovantes transforment l&#039;industrie\" \/>\n<meta name=\"robots\" content=\"index, follow, max-snippet:-1, max-image-preview:large, max-video-preview:-1\" \/>\n<link rel=\"canonical\" href=\"https:\/\/water-horizon.com\/en\/nos-realisations\/\" \/>\n<meta property=\"og:locale\" content=\"en_US\" \/>\n<meta property=\"og:type\" content=\"article\" \/>\n<meta property=\"og:title\" content=\"Nos R\u00e9alisations - Water Horizon\" \/>\n<meta property=\"og:description\" content=\"Parcourez les r\u00e9alisations de Water Horizon et d\u00e9couvrez comment nos batteries thermiques innovantes transforment l&#039;industrie\" \/>\n<meta property=\"og:url\" content=\"https:\/\/water-horizon.com\/en\/nos-realisations\/\" \/>\n<meta property=\"og:site_name\" content=\"Water Horizon\" \/>\n<meta property=\"article:modified_time\" content=\"2026-04-22T09:55:20+00:00\" \/>\n<meta property=\"og:image\" content=\"https:\/\/water-horizon.com\/wp-content\/uploads\/2024\/05\/Photo-Toulouse-credit-Toulouse-Evenements_1.jpg\" \/>\n<meta name=\"twitter:card\" content=\"summary_large_image\" \/>\n<meta name=\"twitter:label1\" content=\"Est. reading time\" \/>\n\t<meta name=\"twitter:data1\" content=\"1 minute\" \/>\n<script type=\"application\/ld+json\" class=\"yoast-schema-graph\">{\"@context\":\"https:\\\/\\\/schema.org\",\"@graph\":[{\"@type\":\"WebPage\",\"@id\":\"https:\\\/\\\/water-horizon.com\\\/nos-realisations\\\/\",\"url\":\"https:\\\/\\\/water-horizon.com\\\/nos-realisations\\\/\",\"name\":\"Nos R\u00e9alisations - Water Horizon\",\"isPartOf\":{\"@id\":\"https:\\\/\\\/water-horizon.com\\\/#website\"},\"primaryImageOfPage\":{\"@id\":\"https:\\\/\\\/water-horizon.com\\\/nos-realisations\\\/#primaryimage\"},\"image\":{\"@id\":\"https:\\\/\\\/water-horizon.com\\\/nos-realisations\\\/#primaryimage\"},\"thumbnailUrl\":\"https:\\\/\\\/water-horizon.com\\\/wp-content\\\/uploads\\\/2024\\\/05\\\/Photo-Toulouse-credit-Toulouse-Evenements_1.jpg\",\"datePublished\":\"2024-05-27T14:34:05+00:00\",\"dateModified\":\"2026-04-22T09:55:20+00:00\",\"description\":\"Parcourez les r\u00e9alisations de Water Horizon et d\u00e9couvrez comment nos batteries thermiques innovantes transforment l'industrie\",\"breadcrumb\":{\"@id\":\"https:\\\/\\\/water-horizon.com\\\/nos-realisations\\\/#breadcrumb\"},\"inLanguage\":\"en-US\",\"potentialAction\":[{\"@type\":\"ReadAction\",\"target\":[\"https:\\\/\\\/water-horizon.com\\\/nos-realisations\\\/\"]}]},{\"@type\":\"ImageObject\",\"inLanguage\":\"en-US\",\"@id\":\"https:\\\/\\\/water-horizon.com\\\/nos-realisations\\\/#primaryimage\",\"url\":\"https:\\\/\\\/water-horizon.com\\\/wp-content\\\/uploads\\\/2024\\\/05\\\/Photo-Toulouse-credit-Toulouse-Evenements_1.jpg\",\"contentUrl\":\"https:\\\/\\\/water-horizon.com\\\/wp-content\\\/uploads\\\/2024\\\/05\\\/Photo-Toulouse-credit-Toulouse-Evenements_1.jpg\"},{\"@type\":\"BreadcrumbList\",\"@id\":\"https:\\\/\\\/water-horizon.com\\\/nos-realisations\\\/#breadcrumb\",\"itemListElement\":[{\"@type\":\"ListItem\",\"position\":1,\"name\":\"Accueil\",\"item\":\"https:\\\/\\\/water-horizon.com\\\/\"},{\"@type\":\"ListItem\",\"position\":2,\"name\":\"Nos R\u00e9alisations\"}]},{\"@type\":\"WebSite\",\"@id\":\"https:\\\/\\\/water-horizon.com\\\/#website\",\"url\":\"https:\\\/\\\/water-horizon.com\\\/\",\"name\":\"Water Horizon\",\"description\":\"Towards a Greener Future\",\"publisher\":{\"@id\":\"https:\\\/\\\/water-horizon.com\\\/#organization\"},\"potentialAction\":[{\"@type\":\"SearchAction\",\"target\":{\"@type\":\"EntryPoint\",\"urlTemplate\":\"https:\\\/\\\/water-horizon.com\\\/?s={search_term_string}\"},\"query-input\":{\"@type\":\"PropertyValueSpecification\",\"valueRequired\":true,\"valueName\":\"search_term_string\"}}],\"inLanguage\":\"en-US\"},{\"@type\":\"Organization\",\"@id\":\"https:\\\/\\\/water-horizon.com\\\/#organization\",\"name\":\"Water Horizon\",\"url\":\"https:\\\/\\\/water-horizon.com\\\/\",\"logo\":{\"@type\":\"ImageObject\",\"inLanguage\":\"en-US\",\"@id\":\"https:\\\/\\\/water-horizon.com\\\/#\\\/schema\\\/logo\\\/image\\\/\",\"url\":\"https:\\\/\\\/water-horizon.com\\\/wp-content\\\/uploads\\\/2024\\\/05\\\/WATER-HORIZON-MainLogo.png\",\"contentUrl\":\"https:\\\/\\\/water-horizon.com\\\/wp-content\\\/uploads\\\/2024\\\/05\\\/WATER-HORIZON-MainLogo.png\",\"width\":2000,\"height\":184,\"caption\":\"Water Horizon\"},\"image\":{\"@id\":\"https:\\\/\\\/water-horizon.com\\\/#\\\/schema\\\/logo\\\/image\\\/\"}}]}<\/script>\n<!-- \/ Yoast SEO plugin. -->","yoast_head_json":{"title":"Nos R\u00e9alisations - Water Horizon","description":"Parcourez les r\u00e9alisations de Water Horizon et d\u00e9couvrez comment nos batteries thermiques innovantes transforment l'industrie","robots":{"index":"index","follow":"follow","max-snippet":"max-snippet:-1","max-image-preview":"max-image-preview:large","max-video-preview":"max-video-preview:-1"},"canonical":"https:\/\/water-horizon.com\/en\/nos-realisations\/","og_locale":"en_US","og_type":"article","og_title":"Nos R\u00e9alisations - Water Horizon","og_description":"Parcourez les r\u00e9alisations de Water Horizon et d\u00e9couvrez comment nos batteries thermiques innovantes transforment l'industrie","og_url":"https:\/\/water-horizon.com\/en\/nos-realisations\/","og_site_name":"Water Horizon","article_modified_time":"2026-04-22T09:55:20+00:00","og_image":[{"url":"https:\/\/water-horizon.com\/wp-content\/uploads\/2024\/05\/Photo-Toulouse-credit-Toulouse-Evenements_1.jpg","type":"","width":"","height":""}],"twitter_card":"summary_large_image","twitter_misc":{"Est. reading time":"1 minute"},"schema":{"@context":"https:\/\/schema.org","@graph":[{"@type":"WebPage","@id":"https:\/\/water-horizon.com\/nos-realisations\/","url":"https:\/\/water-horizon.com\/nos-realisations\/","name":"Nos R\u00e9alisations - Water Horizon","isPartOf":{"@id":"https:\/\/water-horizon.com\/#website"},"primaryImageOfPage":{"@id":"https:\/\/water-horizon.com\/nos-realisations\/#primaryimage"},"image":{"@id":"https:\/\/water-horizon.com\/nos-realisations\/#primaryimage"},"thumbnailUrl":"https:\/\/water-horizon.com\/wp-content\/uploads\/2024\/05\/Photo-Toulouse-credit-Toulouse-Evenements_1.jpg","datePublished":"2024-05-27T14:34:05+00:00","dateModified":"2026-04-22T09:55:20+00:00","description":"Parcourez les r\u00e9alisations de Water Horizon et d\u00e9couvrez comment nos batteries thermiques innovantes transforment l'industrie","breadcrumb":{"@id":"https:\/\/water-horizon.com\/nos-realisations\/#breadcrumb"},"inLanguage":"en-US","potentialAction":[{"@type":"ReadAction","target":["https:\/\/water-horizon.com\/nos-realisations\/"]}]},{"@type":"ImageObject","inLanguage":"en-US","@id":"https:\/\/water-horizon.com\/nos-realisations\/#primaryimage","url":"https:\/\/water-horizon.com\/wp-content\/uploads\/2024\/05\/Photo-Toulouse-credit-Toulouse-Evenements_1.jpg","contentUrl":"https:\/\/water-horizon.com\/wp-content\/uploads\/2024\/05\/Photo-Toulouse-credit-Toulouse-Evenements_1.jpg"},{"@type":"BreadcrumbList","@id":"https:\/\/water-horizon.com\/nos-realisations\/#breadcrumb","itemListElement":[{"@type":"ListItem","position":1,"name":"Accueil","item":"https:\/\/water-horizon.com\/"},{"@type":"ListItem","position":2,"name":"Nos R\u00e9alisations"}]},{"@type":"WebSite","@id":"https:\/\/water-horizon.com\/#website","url":"https:\/\/water-horizon.com\/","name":"Water Horizon","description":"Towards a Greener Future","publisher":{"@id":"https:\/\/water-horizon.com\/#organization"},"potentialAction":[{"@type":"SearchAction","target":{"@type":"EntryPoint","urlTemplate":"https:\/\/water-horizon.com\/?s={search_term_string}"},"query-input":{"@type":"PropertyValueSpecification","valueRequired":true,"valueName":"search_term_string"}}],"inLanguage":"en-US"},{"@type":"Organization","@id":"https:\/\/water-horizon.com\/#organization","name":"Water Horizon","url":"https:\/\/water-horizon.com\/","logo":{"@type":"ImageObject","inLanguage":"en-US","@id":"https:\/\/water-horizon.com\/#\/schema\/logo\/image\/","url":"https:\/\/water-horizon.com\/wp-content\/uploads\/2024\/05\/WATER-HORIZON-MainLogo.png","contentUrl":"https:\/\/water-horizon.com\/wp-content\/uploads\/2024\/05\/WATER-HORIZON-MainLogo.png","width":2000,"height":184,"caption":"Water Horizon"},"image":{"@id":"https:\/\/water-horizon.com\/#\/schema\/logo\/image\/"}}]}},"_links":{"self":[{"href":"http:\/\/water-horizon.com\/en\/wp-json\/wp\/v2\/pages\/11297","targetHints":{"allow":["GET"]}}],"collection":[{"href":"http:\/\/water-horizon.com\/en\/wp-json\/wp\/v2\/pages"}],"about":[{"href":"http:\/\/water-horizon.com\/en\/wp-json\/wp\/v2\/types\/page"}],"author":[{"embeddable":true,"href":"http:\/\/water-horizon.com\/en\/wp-json\/wp\/v2\/users\/1"}],"replies":[{"embeddable":true,"href":"http:\/\/water-horizon.com\/en\/wp-json\/wp\/v2\/comments?post=11297"}],"version-history":[{"count":7,"href":"http:\/\/water-horizon.com\/en\/wp-json\/wp\/v2\/pages\/11297\/revisions"}],"predecessor-version":[{"id":15635,"href":"http:\/\/water-horizon.com\/en\/wp-json\/wp\/v2\/pages\/11297\/revisions\/15635"}],"wp:attachment":[{"href":"http:\/\/water-horizon.com\/en\/wp-json\/wp\/v2\/media?parent=11297"}],"curies":[{"name":"wp","href":"https:\/\/api.w.org\/{rel}","templated":true}]}}