{"id":3,"date":"2023-01-16T15:05:35","date_gmt":"2023-01-16T15:05:35","guid":{"rendered":"https:\/\/leroux.qodeinteractive.com\/?page_id=3"},"modified":"2024-08-06T12:22:24","modified_gmt":"2024-08-06T10:22:24","slug":"privacy-policy","status":"publish","type":"page","link":"https:\/\/water-horizon.com\/de\/water-horizon\/privacy-policy\/","title":{"rendered":"Datenschutzrichtlinie"},"content":{"rendered":"<div data-elementor-type=\"wp-page\" data-elementor-id=\"3\" class=\"elementor elementor-3\">\n\t\t\t\t\t\t<section class=\"elementor-section elementor-top-section elementor-element elementor-element-25434705 elementor-section-full_width elementor-section-height-default elementor-section-height-default\" data-id=\"25434705\" data-element_type=\"section\" data-e-type=\"section\">\n\t\t\t\t\t\t<div class=\"elementor-container elementor-column-gap-default\">\n\t\t\t\t\t<div class=\"elementor-column elementor-col-100 elementor-top-column elementor-element elementor-element-5aa2d5b3\" data-id=\"5aa2d5b3\" data-element_type=\"column\" data-e-type=\"column\">\n\t\t\t<div class=\"elementor-widget-wrap elementor-element-populated\">\n\t\t\t\t\t\t<div class=\"elementor-element elementor-element-4bb4e95 elementor-widget elementor-widget-text-editor\" data-id=\"4bb4e95\" data-element_type=\"widget\" data-e-type=\"widget\" data-widget_type=\"text-editor.default\">\n\t\t\t\t<div class=\"elementor-widget-container\">\n\t\t\t\t\t\t\t\t\t<h2 class=\"p1\"><b>POLITIQUE DE CONFIDENTIALIT\u00c9 DE WATER HORIZON<\/b><\/h2><p class=\"p1\">\u00a0<\/p><p class=\"p3\"><b>INTRODUCTION<\/b><\/p><p class=\"p5\"><span class=\"s1\">En <\/span>vigueur <span class=\"s1\">depuis le <\/span>25 <span class=\"s1\">mai <\/span>2018, <span class=\"s1\">le <\/span>R\u00e8glement G\u00e9n\u00e9ral sur la Protection des <span class=\"s1\">Donn\u00e9es <\/span>(RGPD) est <span class=\"s1\">une r\u00e9glementation <\/span>europ\u00e9enne visant \u00e0 <span class=\"s1\">harmoniser le <\/span>traitement <span class=\"s1\">des donn\u00e9es <\/span>personnelles sur <span class=\"s1\">tout le territoire de l&rsquo;Union Europ\u00e9enne. <\/span>Cette <span class=\"s1\">Politique de <\/span>Confidentialit\u00e9 s\u2019adresse \u00e0 l\u2019ensemble des visiteurs du site internet. Elle a pour but de vous expliquer quelles donn\u00e9es nous collectons, pourquoi nous les collectons et comment nous les traitons lorsque vous visitez notre site Internet ou nos applications associ\u00e9es, conform\u00e9ment au RGPD (R\u00e8glement 2016\/679) et aux Lois <span class=\"s1\">Nationales ou Europ\u00e9ennes <\/span>en vigueur sur <span class=\"s1\">la protection des donn\u00e9es.<\/span><\/p><p class=\"p6\"><span class=\"s2\">Cette <\/span>Politique <span class=\"s2\">s&rsquo;applique aux sites et <\/span>applications contenant <span class=\"s2\">un <\/span>lien <span class=\"s2\">vers <\/span>celle-ci.<\/p><p class=\"p8\">Cependant, <span class=\"s1\">nos <\/span>sites <span class=\"s1\">peuvent <\/span>contenir <span class=\"s1\">des liens <\/span>vers <span class=\"s1\">d&rsquo;autres <\/span>sites ou applications qui <span class=\"s1\">ne <\/span>sont <span class=\"s1\">pas couverts <\/span>par <span class=\"s1\">cette Politique. Nous <\/span>vous <span class=\"s1\">encourageons donc <\/span><span class=\"s3\">\u00e0 <\/span><span class=\"s1\">lire <\/span>attentivement les <span class=\"s1\">politiques de <\/span>confidentialit\u00e9 <span class=\"s1\">des <\/span>sites tiers vers lesquels vous seriez redirig\u00e9s.<\/p><p class=\"p10\"><b>DONN\u00c9ES \u00c0 CARACT\u00c8RE PERSONNEL<\/b><\/p><p class=\"p11\"><b>QUELLES DONN\u00c9ES \u00c0 CARACT\u00c8RE PERSONNEL WATER HORIZON COLLECTE-T-ELLE ET COMMENT ?<\/b><\/p><p class=\"p13\">Une donn\u00e9e <span class=\"s4\">\u00e0 <\/span><span class=\"s2\">caract\u00e8re <\/span>personnel <span class=\"s2\">est une <\/span>information <span class=\"s2\">relative <\/span><span class=\"s3\">\u00e0 <\/span>une personne physique identifiable, directement <span class=\"s2\">ou <\/span>indirectement. Les donn\u00e9es personnelles que <span class=\"s2\">nous <\/span>pouvons recueillir incluent :<\/p><ul class=\"ul1\"><li class=\"li14\"><span class=\"s3\"><b>Donn\u00e9es d&rsquo;identit\u00e9 <\/b><\/span><span class=\"s4\">: <\/span>nom, pr\u00e9nom, <span class=\"s2\">adresse \u00e9lectronique, <\/span>t\u00e9l\u00e9phone<\/li><li class=\"li15\"><b>Donn\u00e9es professionnelles :<\/b><span class=\"s5\"> curriculum vitae<\/span><\/li><li class=\"li14\"><span class=\"s3\"><b>Donn\u00e9es informatiques et d&rsquo;activit\u00e9 num\u00e9rique : <\/b><\/span><span class=\"s2\">adresse <\/span>IP, <span class=\"s2\">cookies, <\/span>logs d&rsquo;activit\u00e9 <span class=\"s2\">et de connexion, suivi <\/span>de navigation <span class=\"s2\">sur <\/span>le <span class=\"s2\">site <\/span>Internet<\/li><li class=\"li16\"><span class=\"s3\"><b>Donn\u00e9es de localisation <\/b>: <\/span>localisation <span class=\"s2\">via <\/span>la <span class=\"s2\">connexion <\/span>Internet<\/li><\/ul><p class=\"p18\">Lorsque nous <span class=\"s2\">collectons <\/span>des donn\u00e9es personnelles <span class=\"s2\">directement via des <\/span>formulaires, <span class=\"s2\">les champs <\/span>obligatoires <span class=\"s2\">sont <\/span>indiqu\u00e9s par <span class=\"s2\">un ast\u00e9risque. <\/span>Notre <span class=\"s2\">site <\/span>n&rsquo;est pas particuli\u00e8rement destin\u00e9 <span class=\"s2\">aux <\/span>mineurs et nous ne <span class=\"s2\">collectons <\/span>pas intentionnellement de donn\u00e9es les <span class=\"s2\">concernant. <\/span>Si <span class=\"s2\">vous <\/span>pensez que <span class=\"s2\">nous avons collect\u00e9 <\/span>par inadvertance des informations <span class=\"s2\">sur des <\/span>mineurs, <span class=\"s2\">le <\/span>repr\u00e9sentant l\u00e9gal <span class=\"s2\">peut exercer <\/span>les droits <span class=\"s2\">de ce <\/span>mineur <span class=\"s2\">\u00e0 <\/span>tout moment.<\/p><p class=\"p19\"><b>\u00c0 QUI WATER HORIZON PEUT-ELLE DIVULGUER MES DONN\u00c9ES \u00c0 CARACT\u00c8RE PERSONNEL ?<\/b><\/p><p class=\"p20\">Nous <span class=\"s2\">pouvons <\/span>partager <span class=\"s2\">vos <\/span>donn\u00e9es personnelles <span class=\"s2\">avec <\/span>les <span class=\"s2\">parties suivantes, sur <\/span>la base d&rsquo;un <span class=\"s2\">strict <\/span>besoin et <span class=\"s2\">aux <\/span>fins d\u00e9crites <span class=\"s2\">dans cette <\/span>Politique\u00a0:<\/p><ul class=\"ul1\"><li class=\"li21\">Water Horizon SAS et <span class=\"s2\">ses <\/span>filiales<\/li><li class=\"li22\"><span class=\"s1\">Les <\/span>employ\u00e9s <span class=\"s1\">du <\/span>service commercial ou <span class=\"s1\">des <\/span>services <span class=\"s1\">d\u00e9di\u00e9s <\/span>si vous \u00eates <span class=\"s1\">un client <\/span>actuel ou <span class=\"s1\">potentiel ou un partenaire<\/span><\/li><li class=\"li23\">Les <span class=\"s2\">employ\u00e9s <\/span>responsables du recrutement <span class=\"s2\">si vous <\/span>postulez \u00e0 <span class=\"s4\">un<\/span><span class=\"s2\"> emploi via nos sites <\/span>de recrutement<\/li><li class=\"li24\">Le prestataire de service OVH pour le fonctionnement, la maintenance, la s\u00e9curit\u00e9, l&rsquo;assistance informatique et l&rsquo;h\u00e9bergement du site Internet<\/li><\/ul><p class=\"p26\"><b>O\u00d9 SONT TRANSF\u00c9R\u00c9ES MES DONN\u00c9ES <\/b><span class=\"s6\"><b>\u00c0 <\/b><\/span><b>CARACT\u00c8RE PERSONNEL ?<\/b><\/p><p class=\"p27\"><span class=\"s2\">Water <\/span>Horizon SAS ne transf\u00e8re pas <span class=\"s2\">vos <\/span>donn\u00e9es en dehors de l&rsquo;Espace \u00c9conomique Europ\u00e9en <span class=\"s2\">(EEE). Cependant, vos <\/span>donn\u00e9es personnelles peuvent parfois <span class=\"s2\">\u00eatre <\/span>transf\u00e9r\u00e9es <span class=\"s2\">aux <\/span>destinataires <span class=\"s2\">indiqu\u00e9s <\/span>dans la <span class=\"s2\">section <\/span>pr\u00e9c\u00e9dente dont la conformit\u00e9 aux R\u00e8glements applicables en l\u2019esp\u00e8ce de l\u2019Espace \u00c9conomique Europ\u00e9en ne peut \u00eatre de la responsabilit\u00e9 de Water Horizon SAS.<\/p><p class=\"p28\"><b>COMBIEN DE TEMPS WATER HORIZON CONSERVE-T-ELLE MES DONN\u00c9ES <\/b><span class=\"s6\"><b>\u00c0 <\/b><\/span><b>CARACT\u00c8RE PERSONNEL ?<\/b><\/p><p class=\"p29\"><span class=\"s2\">Conform\u00e9ment au <\/span>RGPD, nous traitons <span class=\"s2\">et conservons vos <\/span>donn\u00e9es personnelles <span class=\"s2\">aussi <\/span>longtemps que n\u00e9cessaire pour atteindre les <span class=\"s2\">objectifs <\/span>pour lesquels <span class=\"s2\">elles ont \u00e9t\u00e9 <\/span>collect\u00e9es, <span class=\"s2\">y compris <\/span>pour <span class=\"s2\">satisfaire <\/span><span class=\"s4\">\u00e0 <\/span>toute <span class=\"s2\">exigence <\/span>l\u00e9gale.<\/p><p class=\"p31\"><b>QUELLES SONT LES MESURES DE S\u00c9CURIT\u00c9 POUR PROT\u00c9GER VOS DONN\u00c9ES\u00a0?<\/b><\/p><p class=\"p33\">Nous nous engageons \u00e0 mettre en \u0153uvre toutes les mesures techniques et organisationnelles n\u00e9cessaires au respect de la protection de vos Donn\u00e9es Personnelles.<\/p><p class=\"p35\"><b>VOS DROITS<\/b><\/p><p class=\"p38\"><b>QUELS SONT MES DROITS ?<\/b><\/p><p class=\"p39\">Selon les lois en <span class=\"s7\">vigueur, vous <\/span>disposez de plusieurs droits concernant <span class=\"s7\">vos donn\u00e9es <\/span>personnelles :<\/p><ul class=\"ul1\"><li class=\"li40\"><b>Acc\u00e8s et information <\/b><span class=\"s7\">: <\/span>recevoir une <span class=\"s7\">copie <\/span>des donn\u00e9es personnelles que nous d\u00e9tenons <span class=\"s7\">et v\u00e9rifier <\/span>leur traitement licite.<\/li><li class=\"li41\"><b>Rectification et mise <\/b><span class=\"s3\"><b>\u00e0 <\/b><\/span><b>jour <\/b>: demander la <span class=\"s7\">correction <\/span>des donn\u00e9es incompl\u00e8tes <span class=\"s7\">ou <\/span>inexactes, <span class=\"s7\">sous <\/span>r\u00e9serve de <span class=\"s7\">v\u00e9rification.<\/span><\/li><li class=\"li42\"><span class=\"s8\"><b>Effacement : <\/b>dans <\/span>certaines circonstances, obtenir <span class=\"s8\">l&rsquo;effacement de <\/span>vos <span class=\"s8\">donn\u00e9es <\/span>personnelles, sauf si des obligations <span class=\"s8\">l\u00e9gales <\/span>nous <span class=\"s8\">contraignent <\/span><span class=\"s3\">\u00e0 <\/span><span class=\"s8\">les <\/span>conserver.<\/li><li class=\"li43\"><b>Limitation du traitement\u00a0: <\/b><span class=\"s7\">dans<\/span> <span class=\"s7\">certains <\/span>cas, obtenir la limitation du traitement de <span class=\"s7\">vos <\/span>donn\u00e9es.<\/li><li class=\"li44\"><b>Portabilit\u00e9 des donn\u00e9es : <\/b>recevoir <span class=\"s7\">les <\/span>donn\u00e9es personnelles fournies dans un format <span class=\"s7\">structur\u00e9, <\/span>couramment utilis\u00e9 <span class=\"s7\">et <\/span>lisible par machine, applicable uniquement <span class=\"s7\">aux <\/span>informations <span class=\"s7\">automatis\u00e9es <\/span>bas\u00e9es <span class=\"s7\">sur votre consentement ou <\/span>un <span class=\"s7\">contrat.<\/span><\/li><li class=\"li45\"><b>Opposition au traitement <\/b><span class=\"s7\">: s&rsquo;opposer au <\/span>traitement de <span class=\"s7\">vos <\/span>donn\u00e9es lorsque nous <span class=\"s7\">n&rsquo;avons <\/span>pas de base l\u00e9gale pour <span class=\"s7\">continuer leur utilisation, <\/span>notamment <span class=\"s7\">pour des <\/span>prospections <span class=\"s7\">commerciales.<\/span><\/li><\/ul><p class=\"p46\"><b>COMMENT EXERCER MES DROITS ET\/OU CONTACTER WATER HORIZON POUR TOUTE QUESTION CONCERNANT LA PROTECTION DES DONN\u00c9ES ?<\/b><\/p><p class=\"p48\"><span class=\"s8\">Pour <\/span>exercer vos <span class=\"s8\">droits <\/span>ou <span class=\"s8\">pour <\/span>toute <span class=\"s8\">question li\u00e9e <\/span>au traitement de vos donn\u00e9es <span class=\"s8\">personnelles, <\/span>contactez-nous par courrier \u00e0 <span class=\"s8\">l&rsquo;adresse <\/span>suivante :<\/p><p class=\"p49\"><b>Water Horizon SAS \u2013 R\u00e9f\u00e9rent RGPD<\/b><\/p><p class=\"p50\">Adresse : Zone de Francazal, 135 <span class=\"s7\">avenue <\/span>du <span class=\"s7\">Comminges, 31270 <\/span>Cugnaux<\/p><p class=\"p52\"><b>POLITIQUE SUR L&rsquo;UTILISATION DES COOKIES<\/b><\/p><p class=\"p54\"><b>QU&rsquo;EST-CE QU&rsquo;UN COOKIE ?<\/b><\/p><p class=\"p55\">Les <span class=\"s7\">cookies sont de <\/span>petits fichiers de <span class=\"s7\">donn\u00e9es <\/span>plac\u00e9s <span class=\"s7\">sur votre terminal <\/span>par le <span class=\"s7\">serveur <\/span>d&rsquo;un <span class=\"s7\">site <\/span>Internet <span class=\"s7\">ou <\/span>d&rsquo;une <span class=\"s7\">application <\/span>mobile. Ils permettent <span class=\"s7\">\u00e0 votre <\/span>navigateur de <span class=\"s7\">vous <\/span>reconna\u00eetre lors de <span class=\"s7\">votre visite <\/span>initiale ou ult\u00e9rieure <span class=\"s7\">et simplifient, compl\u00e8tent <\/span>et personnalisent l&rsquo;utilisation <span class=\"s7\">du site.<\/span><\/p><p class=\"p57\"><b>POURQUOI UTILISONS-NOUS DES COOKIES\u00a0?<\/b><\/p><p class=\"p58\">Nous utilisons des cookies afin de\u00a0:<\/p><ul class=\"ul1\"><li class=\"li43\">Faciliter et am\u00e9liorer l\u2019utilisation de notre Site, \u00a0<\/li><li class=\"li43\">Personnaliser les contenus et les annonces publicitaires de notre Site,<\/li><li class=\"li43\">Offrir des fonctionnalit\u00e9s relatives aux m\u00e9dias sociaux (bouton de partage notamment),<\/li><li class=\"li59\">Analyser et mesurer les performances d\u2019audience.<\/li><\/ul><p class=\"p57\"><b>COMMENT D\u00c9SACTIVER OU SUPPRIMER LES COOKIES ?<\/b><\/p><p class=\"p61\">Vous pouvez choisir de d\u00e9sactiver les cookies non n\u00e9cessaires en param\u00e9trant votre navigateur ou directement par l\u2019interm\u00e9diaire de notre gestionnaire de cookies.\u00a0<\/p><p class=\"p61\">Vous pouvez accepter ou refuser les cookies au cas par cas, ou bien les refuser syst\u00e9matiquement.\u00a0<\/p><p class=\"p62\">Si vous choisissez <span class=\"s8\">de ne pas <\/span>accepter les cookies, vous <span class=\"s8\">pourrez toujours <\/span>acc\u00e9der \u00e0 notre site et <span class=\"s8\">l&rsquo;utiliser.<\/span><\/p><p class=\"p64\"><b>MODIFICATION DE CETTE POLITIQUE<\/b><\/p><p class=\"p66\">Des mises <span class=\"s9\">\u00e0 <\/span>jour de cette Politique de Confidentialit\u00e9 peuvent <span class=\"s7\">\u00eatre <\/span>effectu\u00e9es. Celles-ci seront syst\u00e9matiquement publi\u00e9es dans nos sites en cas de modification <span class=\"s7\">substantielle <\/span>du traitement de <span class=\"s7\">vos <\/span>donn\u00e9es personnelles.<\/p>\t\t\t\t\t\t\t\t<\/div>\n\t\t\t\t<\/div>\n\t\t\t\t\t<\/div>\n\t\t<\/div>\n\t\t\t\t\t<\/div>\n\t\t<\/section>\n\t\t\t\t<\/div>","protected":false},"excerpt":{"rendered":"<p>POLITIQUE DE CONFIDENTIALIT\u00c9 DE WATER HORIZON \u00a0 INTRODUCTION En vigueur depuis le 25 mai 2018, le R\u00e8glement G\u00e9n\u00e9ral sur la Protection des Donn\u00e9es (RGPD) est une r\u00e9glementation europ\u00e9enne visant \u00e0 harmoniser le traitement des donn\u00e9es personnelles sur tout le territoire de l&rsquo;Union Europ\u00e9enne. Cette Politique de Confidentialit\u00e9 s\u2019adresse \u00e0 l\u2019ensemble des visiteurs du site internet. [&hellip;]<\/p>\n","protected":false},"author":1,"featured_media":0,"parent":335,"menu_order":0,"comment_status":"closed","ping_status":"closed","template":"","meta":{"footnotes":""},"class_list":["post-3","page","type-page","status-publish","hentry"],"_links":{"self":[{"href":"https:\/\/water-horizon.com\/de\/wp-json\/wp\/v2\/pages\/3","targetHints":{"allow":["GET"]}}],"collection":[{"href":"https:\/\/water-horizon.com\/de\/wp-json\/wp\/v2\/pages"}],"about":[{"href":"https:\/\/water-horizon.com\/de\/wp-json\/wp\/v2\/types\/page"}],"author":[{"embeddable":true,"href":"https:\/\/water-horizon.com\/de\/wp-json\/wp\/v2\/users\/1"}],"replies":[{"embeddable":true,"href":"https:\/\/water-horizon.com\/de\/wp-json\/wp\/v2\/comments?post=3"}],"version-history":[{"count":0,"href":"https:\/\/water-horizon.com\/de\/wp-json\/wp\/v2\/pages\/3\/revisions"}],"up":[{"embeddable":true,"href":"https:\/\/water-horizon.com\/de\/wp-json\/wp\/v2\/pages\/335"}],"wp:attachment":[{"href":"https:\/\/water-horizon.com\/de\/wp-json\/wp\/v2\/media?parent=3"}],"curies":[{"name":"wp","href":"https:\/\/api.w.org\/{rel}","templated":true}]}}