{"id":3,"date":"2023-01-16T15:05:35","date_gmt":"2023-01-16T15:05:35","guid":{"rendered":"https:\/\/leroux.qodeinteractive.com\/?page_id=3"},"modified":"2024-08-06T12:22:24","modified_gmt":"2024-08-06T10:22:24","slug":"privacy-policy","status":"publish","type":"page","link":"https:\/\/water-horizon.com\/en\/water-horizon\/privacy-policy\/","title":{"rendered":"Privacy Policy"},"content":{"rendered":"<div data-elementor-type=\"wp-page\" data-elementor-id=\"3\" class=\"elementor elementor-3\">\n\t\t\t\t\t\t<section class=\"elementor-section elementor-top-section elementor-element elementor-element-25434705 elementor-section-full_width elementor-section-height-default elementor-section-height-default\" data-id=\"25434705\" data-element_type=\"section\">\n\t\t\t\t\t\t<div class=\"elementor-container elementor-column-gap-default\">\n\t\t\t\t\t<div class=\"elementor-column elementor-col-100 elementor-top-column elementor-element elementor-element-5aa2d5b3\" data-id=\"5aa2d5b3\" data-element_type=\"column\">\n\t\t\t<div class=\"elementor-widget-wrap elementor-element-populated\">\n\t\t\t\t\t\t<div class=\"elementor-element elementor-element-4bb4e95 elementor-widget elementor-widget-text-editor\" data-id=\"4bb4e95\" data-element_type=\"widget\" data-widget_type=\"text-editor.default\">\n\t\t\t\t<div class=\"elementor-widget-container\">\n\t\t\t\t\t\t\t\t\t<h2 class=\"p1\"><b>WATER HORIZON PRIVACY POLICY<\/b><\/h2><p class=\"p1\">\u00a0<\/p><p class=\"p3\"><b>INTRODUCTION<\/b><\/p><p class=\"p5\"><span class=\"s1\">In <\/span>vigour <span class=\"s1\">since the <\/span>25 <span class=\"s1\">May <\/span>2018, <span class=\"s1\">the <\/span>General Data Protection Regulation <span class=\"s1\">Data <\/span>(GDPR) is <span class=\"s1\">a regulation <\/span>European aiming to <span class=\"s1\">harmonize the <\/span>treatment <span class=\"s1\">data <\/span>personal on <span class=\"s1\">the entire territory of the European Union. <\/span>This <span class=\"s1\">Policy <\/span>Confidentiality applies to all website visitors. Its purpose is to explain what data we collect, why we collect it, and how we process it when you visit our website or associated applications, in accordance with GDPR (Regulation 2016\/679) and applicable laws. <span class=\"s1\">National or European <\/span>in force <span class=\"s1\">Data protection.<\/span><\/p><p class=\"p6\"><span class=\"s2\">This <\/span>Politics <span class=\"s2\">applies to websites and <\/span>applications containing <span class=\"s2\">One <\/span>link <span class=\"s2\">verse <\/span>this one.<\/p><p class=\"p8\">However, <span class=\"s1\">Our <\/span>Sites <span class=\"s1\">can <\/span>contain <span class=\"s1\">links <\/span>verse <span class=\"s1\">others <\/span>sites or applications that <span class=\"s1\">No <\/span>are <span class=\"s1\">not covered <\/span>by <span class=\"s1\">This Policy. We <\/span>you <span class=\"s1\">let's encourage then <\/span><span class=\"s3\">\u00e0 <\/span><span class=\"s1\">read <\/span>carefully the <span class=\"s1\">policies of <\/span>Confidentiality <span class=\"s1\">desk <\/span>Third-party sites to which you would be redirected.<\/p><p class=\"p10\"><b>PERSONAL DATA<\/b><\/p><p class=\"p11\"><b>WHAT PERSONAL DATA DOES WATER HORIZON COLLECT AND HOW?<\/b><\/p><p class=\"p13\">A piece of data <span class=\"s4\">\u00e0 <\/span><span class=\"s2\">character <\/span>personnel <span class=\"s2\">is a <\/span>information <span class=\"s2\">relative <\/span><span class=\"s3\">\u00e0 <\/span>an identifiable natural person, directly <span class=\"s2\">or <\/span>indirectly. The personal data that <span class=\"s2\">Team <\/span>can include:<\/p><ul class=\"ul1\"><li class=\"li14\"><span class=\"s3\"><b>Identity data <\/b><\/span><span class=\"s4\">: <\/span>Last Name, First Name, <span class=\"s2\">email address, <\/span>phone<\/li><li class=\"li15\"><b>Professional Information:<\/b><span class=\"s5\"> r\u00e9sum\u00e9<\/span><\/li><li class=\"li14\"><span class=\"s3\"><b>Digital and activity data: <\/b><\/span><span class=\"s2\">address <\/span>IP, <span class=\"s2\">cookies, <\/span>Activity logs <span class=\"s2\">and connection, followed by <\/span>navigation <span class=\"s2\">on <\/span>the <span class=\"s2\">site <\/span>Internet<\/li><li class=\"li16\"><span class=\"s3\"><b>Location data <\/b>: <\/span>Localization <span class=\"s2\">via <\/span>the <span class=\"s2\">connection <\/span>Internet<\/li><\/ul><p class=\"p18\">When we <span class=\"s2\">collections <\/span>personal data <span class=\"s2\">directly via <\/span>forms, <span class=\"s2\">the fields <\/span>mandatory <span class=\"s2\">are <\/span>indicated by <span class=\"s2\">an asterisk. <\/span>Our <span class=\"s2\">site <\/span>is not particularly intended <span class=\"s2\">Aux <\/span>minors and we do not <span class=\"s2\">collections <\/span>unintentionally given the data <span class=\"s2\">concerning. <\/span>Yes <span class=\"s2\">you <\/span>think <span class=\"s2\">we have collected <\/span>by inadvertence of information <span class=\"s2\">on <\/span>minors, <span class=\"s2\">the <\/span>legal representative <span class=\"s2\">can practice <\/span>rights <span class=\"s2\">why <\/span>minor <span class=\"s2\">\u00e0 <\/span>any time.<\/p><p class=\"p19\"><b>TO WHOM CAN WATER HORIZON DISCLOSE MY PERSONAL DATA?<\/b><\/p><p class=\"p20\">We <span class=\"s2\">can <\/span>Share <span class=\"s2\">you <\/span>personal data <span class=\"s2\">with <\/span>The <span class=\"s2\">following parties, on <\/span>the base of a <span class=\"s2\">strict <\/span>need and <span class=\"s2\">Aux <\/span>fins described <span class=\"s2\">in this <\/span>Politics<\/p><ul class=\"ul1\"><li class=\"li21\">Water Horizon SAS and <span class=\"s2\">ses <\/span>branches<\/li><li class=\"li22\"><span class=\"s1\">The <\/span>employees <span class=\"s1\">you <\/span>Commercial service or <span class=\"s1\">desk <\/span>services <span class=\"s1\">dedicated <\/span>if you are <span class=\"s1\">a client <\/span>current or <span class=\"s1\">potential or a partner<\/span><\/li><li class=\"li23\">The <span class=\"s2\">employees <\/span>Recruitment managers <span class=\"s2\">if you <\/span>apply to <span class=\"s4\">One<\/span><span class=\"s2\"> employment via our sites <\/span>recruitment<\/li><li class=\"li24\">The service provider OVH for the operation, maintenance, security, IT support, and hosting of the website<\/li><\/ul><p class=\"p26\"><b>Where is my data transferred <\/b><span class=\"s6\"><b>\u00c0 <\/b><\/span><b>PERSONAL CHARACTER?<\/b><\/p><p class=\"p27\"><span class=\"s2\">Water <\/span>Horizon SAS does not transfer <span class=\"s2\">you <\/span>data outside the European Economic Area <span class=\"s2\">However, your <\/span>personal data can sometimes <span class=\"s2\">to be <\/span>transferred <span class=\"s2\">Aux <\/span>recipients <span class=\"s2\">indicated <\/span>in the <span class=\"s2\">section <\/span>previous one, for which compliance with the applicable Regulations in the European Economic Area cannot be the responsibility of Water Horizon SAS.<\/p><p class=\"p28\"><b>How long does Water Horizon keep my data? <\/b><span class=\"s6\"><b>\u00c0 <\/b><\/span><b>PERSONAL CHARACTER?<\/b><\/p><p class=\"p29\"><span class=\"s2\">In accordance with the <\/span>GDPR, we process <span class=\"s2\">and keep your <\/span>personal data <span class=\"s2\">also <\/span>long time necessary to reach the <span class=\"s2\">objectives <\/span>for which <span class=\"s2\">they have been <\/span>collected, <span class=\"s2\">including <\/span>pour <span class=\"s2\">satisfy <\/span><span class=\"s4\">\u00e0 <\/span>all <span class=\"s2\">requirement <\/span>legal.<\/p><p class=\"p31\"><b>What are the security measures to protect your data?<\/b><\/p><p class=\"p33\">We are committed to implementing all necessary technical and organizational measures to ensure the protection of your Personal Data.<\/p><p class=\"p35\"><b>YOUR RIGHTS<\/b><\/p><p class=\"p38\"><b>What are my rights?<\/b><\/p><p class=\"p39\">According to the laws in <span class=\"s7\">Vigor, you <\/span>have several rights concerning <span class=\"s7\">your data <\/span>personal<\/p><ul class=\"ul1\"><li class=\"li40\"><b>Access and information <\/b><span class=\"s7\">: <\/span>to receive a <span class=\"s7\">Copy <\/span>personal data that we hold <span class=\"s7\">and check <\/span>their lawful processing.<\/li><li class=\"li41\"><b>Rectification and update <\/b><span class=\"s3\"><b>\u00e0 <\/b><\/span><b>day <\/b>to ask for <span class=\"s7\">Correction. <\/span>incomplete data <span class=\"s7\">or <\/span>inaccurate, <span class=\"s7\">under <\/span>reserve of <span class=\"s7\">verification.<\/span><\/li><li class=\"li42\"><span class=\"s8\"><b>Deletion <\/b>in <\/span>certain circumstances, obtain <span class=\"s8\">the erasure of <\/span>you <span class=\"s8\">data <\/span>personal, unless there are obligations <span class=\"s8\">legal <\/span>Team <span class=\"s8\">restrict <\/span><span class=\"s3\">\u00e0 <\/span><span class=\"s8\">The <\/span>conserve.<\/li><li class=\"li43\"><b>Processing Limitation: <\/b><span class=\"s7\">in<\/span> <span class=\"s7\">some <\/span>CAS, obtain restriction of processing <span class=\"s7\">you <\/span>data.<\/li><li class=\"li44\"><b>Data portability: <\/b>to receive <span class=\"s7\">The <\/span>personal data provided in a format <span class=\"s7\">structured, <\/span>commonly used <span class=\"s7\">and <\/span>machine-readable, applicable only <span class=\"s7\">Aux <\/span>information <span class=\"s7\">automated <\/span>based <span class=\"s7\">with your consent or <\/span>One <span class=\"s7\">contract.<\/span><\/li><li class=\"li45\"><b>Opposition to treatment <\/b><span class=\"s7\">to oppose <\/span>treatment of <span class=\"s7\">you <\/span>data when we <span class=\"s7\">have not <\/span>no legal basis for <span class=\"s7\">continue to use them, <\/span>notably <span class=\"s7\">for <\/span>prospects <span class=\"s7\">commercials.<\/span><\/li><\/ul><p class=\"p46\"><b>HOW TO EXERCISE MY RIGHTS AND\/OR CONTACT WATER HORIZON REGARDING DATA PROTECTION?<\/b><\/p><p class=\"p48\"><span class=\"s8\">For <\/span>to exercise your <span class=\"s8\">rights <\/span>or <span class=\"s8\">pour <\/span>all <span class=\"s8\">related question <\/span>to the processing of your data <span class=\"s8\">personal, <\/span>contact us by mail at <span class=\"s8\">the address <\/span>next:<\/p><p class=\"p49\"><b>Water Horizon SAS \u2013 GDPR Referent<\/b><\/p><p class=\"p50\">Address: Zone de Francazal, 135 <span class=\"s7\">avenue <\/span>you <span class=\"s7\">Comminges, 31270 <\/span>Cugnaux<\/p><p class=\"p52\"><b>COOKIE POLICY<\/b><\/p><p class=\"p54\"><b>What is a cookie?<\/b><\/p><p class=\"p55\">The <span class=\"s7\">cookies are made of <\/span>small files of <span class=\"s7\">data <\/span>placed <span class=\"s7\">on your terminal <\/span>by the <span class=\"s7\">server <\/span>of a <span class=\"s7\">site <\/span>Internet <span class=\"s7\">or <\/span>of one <span class=\"s7\">application <\/span>mobile. They allow <span class=\"s7\">At your <\/span>browser <span class=\"s7\">you <\/span>recognize at the time of <span class=\"s7\">your visit <\/span>initial or subsequent <span class=\"s7\">and simplify, complete <\/span>and customize the use <span class=\"s7\">from the site.<\/span><\/p><p class=\"p57\"><b>WHY DO WE USE COOKIES?<\/b><\/p><p class=\"p58\">We use cookies in order to:<\/p><ul class=\"ul1\"><li class=\"li43\">To facilitate and improve the use of our Site, \u00a0<\/li><li class=\"li43\">Customize the content and advertising on our Site,<\/li><li class=\"li43\">Offer social media features (sharing button especially).,<\/li><li class=\"li59\">Analyze and measure audience performance.<\/li><\/ul><p class=\"p57\"><b>HOW TO DISABLE OR DELETE COOKIES?<\/b><\/p><p class=\"p61\">You can choose to disable non-essential cookies by adjusting your browser settings or directly through our cookie manager.\u00a0<\/p><p class=\"p61\">You can accept or reject cookies on a case-by-case basis, or reject them systematically.\u00a0<\/p><p class=\"p62\">If you choose <span class=\"s8\">not to <\/span>accept cookies, you <span class=\"s8\">will always be able <\/span>access our site and <span class=\"s8\">use it.<\/span><\/p><p class=\"p64\"><b>MODIFICATION OF THIS POLICY<\/b><\/p><p class=\"p66\">Updates <span class=\"s9\">\u00e0 <\/span>date of this Privacy Policy <span class=\"s7\">to be <\/span>performed. These will be systematically published on our sites in case of modification <span class=\"s7\">substantial <\/span>of treatment <span class=\"s7\">you <\/span>personal data.<\/p>\t\t\t\t\t\t\t\t<\/div>\n\t\t\t\t<\/div>\n\t\t\t\t\t<\/div>\n\t\t<\/div>\n\t\t\t\t\t<\/div>\n\t\t<\/section>\n\t\t\t\t<\/div>","protected":false},"excerpt":{"rendered":"<p>POLITIQUE DE CONFIDENTIALIT\u00c9 DE WATER HORIZON \u00a0 INTRODUCTION En vigueur depuis le 25 mai 2018, le R\u00e8glement G\u00e9n\u00e9ral sur la Protection des Donn\u00e9es (RGPD) est une r\u00e9glementation europ\u00e9enne visant \u00e0 harmoniser le traitement des donn\u00e9es personnelles sur tout le territoire de l&rsquo;Union Europ\u00e9enne. Cette Politique de Confidentialit\u00e9 s\u2019adresse \u00e0 l\u2019ensemble des visiteurs du site internet. [&hellip;]<\/p>\n","protected":false},"author":1,"featured_media":0,"parent":335,"menu_order":0,"comment_status":"closed","ping_status":"closed","template":"","meta":{"footnotes":""},"class_list":["post-3","page","type-page","status-publish","hentry"],"yoast_head":"<!-- This site is optimized with the Yoast SEO plugin v27.4 - https:\/\/yoast.com\/product\/yoast-seo-wordpress\/ -->\n<title>Politique de confidentialit\u00e9 - Water Horizon<\/title>\n<meta name=\"description\" content=\"D\u00e9couvrez comment Water Horizon prot\u00e8ge et comprendre l&#039;utilisation et la collecte vos informations personelles\" \/>\n<meta name=\"robots\" content=\"index, follow, max-snippet:-1, max-image-preview:large, max-video-preview:-1\" \/>\n<link rel=\"canonical\" href=\"https:\/\/water-horizon.com\/en\/water-horizon\/privacy-policy\/\" \/>\n<meta property=\"og:locale\" content=\"en_US\" \/>\n<meta property=\"og:type\" content=\"article\" \/>\n<meta property=\"og:title\" content=\"Politique de confidentialit\u00e9 - Water Horizon\" \/>\n<meta property=\"og:description\" content=\"D\u00e9couvrez comment Water Horizon prot\u00e8ge et comprendre l&#039;utilisation et la collecte vos informations personelles\" \/>\n<meta property=\"og:url\" content=\"https:\/\/water-horizon.com\/en\/water-horizon\/privacy-policy\/\" \/>\n<meta property=\"og:site_name\" content=\"Water Horizon\" \/>\n<meta property=\"article:modified_time\" content=\"2024-08-06T10:22:24+00:00\" \/>\n<meta name=\"twitter:card\" content=\"summary_large_image\" \/>\n<meta name=\"twitter:label1\" content=\"Est. reading time\" \/>\n\t<meta name=\"twitter:data1\" content=\"5 minutes\" \/>\n<script type=\"application\/ld+json\" class=\"yoast-schema-graph\">{\"@context\":\"https:\\\/\\\/schema.org\",\"@graph\":[{\"@type\":\"WebPage\",\"@id\":\"https:\\\/\\\/water-horizon.com\\\/water-horizon\\\/privacy-policy\\\/\",\"url\":\"https:\\\/\\\/water-horizon.com\\\/water-horizon\\\/privacy-policy\\\/\",\"name\":\"Politique de confidentialit\u00e9 - Water Horizon\",\"isPartOf\":{\"@id\":\"https:\\\/\\\/water-horizon.com\\\/#website\"},\"datePublished\":\"2023-01-16T15:05:35+00:00\",\"dateModified\":\"2024-08-06T10:22:24+00:00\",\"description\":\"D\u00e9couvrez comment Water Horizon prot\u00e8ge et comprendre l'utilisation et la collecte vos informations personelles\",\"breadcrumb\":{\"@id\":\"https:\\\/\\\/water-horizon.com\\\/water-horizon\\\/privacy-policy\\\/#breadcrumb\"},\"inLanguage\":\"en-US\",\"potentialAction\":[{\"@type\":\"ReadAction\",\"target\":[\"https:\\\/\\\/water-horizon.com\\\/water-horizon\\\/privacy-policy\\\/\"]}]},{\"@type\":\"BreadcrumbList\",\"@id\":\"https:\\\/\\\/water-horizon.com\\\/water-horizon\\\/privacy-policy\\\/#breadcrumb\",\"itemListElement\":[{\"@type\":\"ListItem\",\"position\":1,\"name\":\"Accueil\",\"item\":\"https:\\\/\\\/water-horizon.com\\\/\"},{\"@type\":\"ListItem\",\"position\":2,\"name\":\"Bienvenue chez Water Horizon\",\"item\":\"https:\\\/\\\/water-horizon.com\\\/\"},{\"@type\":\"ListItem\",\"position\":3,\"name\":\"Politique de confidentialit\u00e9\"}]},{\"@type\":\"WebSite\",\"@id\":\"https:\\\/\\\/water-horizon.com\\\/#website\",\"url\":\"https:\\\/\\\/water-horizon.com\\\/\",\"name\":\"Water Horizon\",\"description\":\"Towards a Greener Future\",\"publisher\":{\"@id\":\"https:\\\/\\\/water-horizon.com\\\/#organization\"},\"potentialAction\":[{\"@type\":\"SearchAction\",\"target\":{\"@type\":\"EntryPoint\",\"urlTemplate\":\"https:\\\/\\\/water-horizon.com\\\/?s={search_term_string}\"},\"query-input\":{\"@type\":\"PropertyValueSpecification\",\"valueRequired\":true,\"valueName\":\"search_term_string\"}}],\"inLanguage\":\"en-US\"},{\"@type\":\"Organization\",\"@id\":\"https:\\\/\\\/water-horizon.com\\\/#organization\",\"name\":\"Water Horizon\",\"url\":\"https:\\\/\\\/water-horizon.com\\\/\",\"logo\":{\"@type\":\"ImageObject\",\"inLanguage\":\"en-US\",\"@id\":\"https:\\\/\\\/water-horizon.com\\\/#\\\/schema\\\/logo\\\/image\\\/\",\"url\":\"https:\\\/\\\/water-horizon.com\\\/wp-content\\\/uploads\\\/2024\\\/05\\\/WATER-HORIZON-MainLogo.png\",\"contentUrl\":\"https:\\\/\\\/water-horizon.com\\\/wp-content\\\/uploads\\\/2024\\\/05\\\/WATER-HORIZON-MainLogo.png\",\"width\":2000,\"height\":184,\"caption\":\"Water Horizon\"},\"image\":{\"@id\":\"https:\\\/\\\/water-horizon.com\\\/#\\\/schema\\\/logo\\\/image\\\/\"}}]}<\/script>\n<!-- \/ Yoast SEO plugin. -->","yoast_head_json":{"title":"Politique de confidentialit\u00e9 - Water Horizon","description":"D\u00e9couvrez comment Water Horizon prot\u00e8ge et comprendre l'utilisation et la collecte vos informations personelles","robots":{"index":"index","follow":"follow","max-snippet":"max-snippet:-1","max-image-preview":"max-image-preview:large","max-video-preview":"max-video-preview:-1"},"canonical":"https:\/\/water-horizon.com\/en\/water-horizon\/privacy-policy\/","og_locale":"en_US","og_type":"article","og_title":"Politique de confidentialit\u00e9 - Water Horizon","og_description":"D\u00e9couvrez comment Water Horizon prot\u00e8ge et comprendre l'utilisation et la collecte vos informations personelles","og_url":"https:\/\/water-horizon.com\/en\/water-horizon\/privacy-policy\/","og_site_name":"Water Horizon","article_modified_time":"2024-08-06T10:22:24+00:00","twitter_card":"summary_large_image","twitter_misc":{"Est. reading time":"5 minutes"},"schema":{"@context":"https:\/\/schema.org","@graph":[{"@type":"WebPage","@id":"https:\/\/water-horizon.com\/water-horizon\/privacy-policy\/","url":"https:\/\/water-horizon.com\/water-horizon\/privacy-policy\/","name":"Politique de confidentialit\u00e9 - Water Horizon","isPartOf":{"@id":"https:\/\/water-horizon.com\/#website"},"datePublished":"2023-01-16T15:05:35+00:00","dateModified":"2024-08-06T10:22:24+00:00","description":"D\u00e9couvrez comment Water Horizon prot\u00e8ge et comprendre l'utilisation et la collecte vos informations personelles","breadcrumb":{"@id":"https:\/\/water-horizon.com\/water-horizon\/privacy-policy\/#breadcrumb"},"inLanguage":"en-US","potentialAction":[{"@type":"ReadAction","target":["https:\/\/water-horizon.com\/water-horizon\/privacy-policy\/"]}]},{"@type":"BreadcrumbList","@id":"https:\/\/water-horizon.com\/water-horizon\/privacy-policy\/#breadcrumb","itemListElement":[{"@type":"ListItem","position":1,"name":"Accueil","item":"https:\/\/water-horizon.com\/"},{"@type":"ListItem","position":2,"name":"Bienvenue chez Water Horizon","item":"https:\/\/water-horizon.com\/"},{"@type":"ListItem","position":3,"name":"Politique de confidentialit\u00e9"}]},{"@type":"WebSite","@id":"https:\/\/water-horizon.com\/#website","url":"https:\/\/water-horizon.com\/","name":"Water Horizon","description":"Towards a Greener Future","publisher":{"@id":"https:\/\/water-horizon.com\/#organization"},"potentialAction":[{"@type":"SearchAction","target":{"@type":"EntryPoint","urlTemplate":"https:\/\/water-horizon.com\/?s={search_term_string}"},"query-input":{"@type":"PropertyValueSpecification","valueRequired":true,"valueName":"search_term_string"}}],"inLanguage":"en-US"},{"@type":"Organization","@id":"https:\/\/water-horizon.com\/#organization","name":"Water Horizon","url":"https:\/\/water-horizon.com\/","logo":{"@type":"ImageObject","inLanguage":"en-US","@id":"https:\/\/water-horizon.com\/#\/schema\/logo\/image\/","url":"https:\/\/water-horizon.com\/wp-content\/uploads\/2024\/05\/WATER-HORIZON-MainLogo.png","contentUrl":"https:\/\/water-horizon.com\/wp-content\/uploads\/2024\/05\/WATER-HORIZON-MainLogo.png","width":2000,"height":184,"caption":"Water Horizon"},"image":{"@id":"https:\/\/water-horizon.com\/#\/schema\/logo\/image\/"}}]}},"_links":{"self":[{"href":"https:\/\/water-horizon.com\/en\/wp-json\/wp\/v2\/pages\/3","targetHints":{"allow":["GET"]}}],"collection":[{"href":"https:\/\/water-horizon.com\/en\/wp-json\/wp\/v2\/pages"}],"about":[{"href":"https:\/\/water-horizon.com\/en\/wp-json\/wp\/v2\/types\/page"}],"author":[{"embeddable":true,"href":"https:\/\/water-horizon.com\/en\/wp-json\/wp\/v2\/users\/1"}],"replies":[{"embeddable":true,"href":"https:\/\/water-horizon.com\/en\/wp-json\/wp\/v2\/comments?post=3"}],"version-history":[{"count":0,"href":"https:\/\/water-horizon.com\/en\/wp-json\/wp\/v2\/pages\/3\/revisions"}],"up":[{"embeddable":true,"href":"https:\/\/water-horizon.com\/en\/wp-json\/wp\/v2\/pages\/335"}],"wp:attachment":[{"href":"https:\/\/water-horizon.com\/en\/wp-json\/wp\/v2\/media?parent=3"}],"curies":[{"name":"wp","href":"https:\/\/api.w.org\/{rel}","templated":true}]}}