{"id":3,"date":"2023-01-16T15:05:35","date_gmt":"2023-01-16T15:05:35","guid":{"rendered":"https:\/\/leroux.qodeinteractive.com\/?page_id=3"},"modified":"2024-08-06T12:22:24","modified_gmt":"2024-08-06T10:22:24","slug":"privacy-policy","status":"publish","type":"page","link":"https:\/\/water-horizon.com\/es\/water-horizon\/privacy-policy\/","title":{"rendered":"Pol\u00edtica de privacidad"},"content":{"rendered":"<div data-elementor-type=\"wp-page\" data-elementor-id=\"3\" class=\"elementor elementor-3\">\n\t\t\t\t\t\t<section class=\"elementor-section elementor-top-section elementor-element elementor-element-25434705 elementor-section-full_width elementor-section-height-default elementor-section-height-default\" data-id=\"25434705\" data-element_type=\"section\">\n\t\t\t\t\t\t<div class=\"elementor-container elementor-column-gap-default\">\n\t\t\t\t\t<div class=\"elementor-column elementor-col-100 elementor-top-column elementor-element elementor-element-5aa2d5b3\" data-id=\"5aa2d5b3\" data-element_type=\"column\">\n\t\t\t<div class=\"elementor-widget-wrap elementor-element-populated\">\n\t\t\t\t\t\t<div class=\"elementor-element elementor-element-4bb4e95 elementor-widget elementor-widget-text-editor\" data-id=\"4bb4e95\" data-element_type=\"widget\" data-widget_type=\"text-editor.default\">\n\t\t\t\t<div class=\"elementor-widget-container\">\n\t\t\t\t\t\t\t\t\t<h2 class=\"p1\"><b>POL\u00cdTICA DE PRIVACIDAD DE WATER HORIZON<\/b><\/h2><p class=\"p1\">\u00a0<\/p><p class=\"p3\"><b>INTRODUCCI\u00d3N<\/b><\/p><p class=\"p5\"><span class=\"s1\">En <\/span>vigor <span class=\"s1\">desde el <\/span>25 <span class=\"s1\">mayo <\/span>2018, <span class=\"s1\">lo <\/span>Reglamento General de Protecci\u00f3n de Datos <span class=\"s1\">Datos <\/span>(RGPD) es <span class=\"s1\">una regulaci\u00f3n <\/span>europea que busca <span class=\"s1\">armonizar el <\/span>tratamiento <span class=\"s1\">datos <\/span>personales sobre <span class=\"s1\">todo el territorio de la Uni\u00f3n Europea. <\/span>Esta <span class=\"s1\">Pol\u00edtica de <\/span>La privacidad se aplica a todos los visitantes del sitio web. Su objetivo es explicarle qu\u00e9 datos recopilamos, por qu\u00e9 los recopilamos y c\u00f3mo los tratamos cuando visita nuestro sitio web o nuestras aplicaciones asociadas, de acuerdo con el RGPD (Reglamento 2016\/679) y las Leyes. <span class=\"s1\">Nacionales o Europeas <\/span>en vigor en <span class=\"s1\">la protecci\u00f3n de datos.<\/span><\/p><p class=\"p6\"><span class=\"s2\">Esta <\/span>Pol\u00edtica <span class=\"s2\">se aplica a los sitios y <\/span>aplicaciones que contienen <span class=\"s2\">uno <\/span>lino <span class=\"s2\">verso <\/span>esta.<\/p><p class=\"p8\">Sin embargo, <span class=\"s1\">nosotros <\/span>sitios <span class=\"s1\">peuvent <\/span>contener <span class=\"s1\">enlaces <\/span>verso <span class=\"s1\">otros <\/span>sitios o aplicaciones que <span class=\"s1\">ne <\/span>son <span class=\"s1\">pasos cubiertos <\/span>par <span class=\"s1\">esta Pol\u00edtica. Nosotros <\/span>T\u00fa <span class=\"s1\">as\u00ed que animemos <\/span><span class=\"s3\">\u00e0 <\/span><span class=\"s1\">leer <\/span>atentamente las <span class=\"s1\">pol\u00edticas de <\/span>confidencialidad <span class=\"s1\">traje <\/span>sitios de terceros a los que ser\u00eda redirigido.<\/p><p class=\"p10\"><b>DATOS PERSONALES<\/b><\/p><p class=\"p11\"><b>\u00bfQU\u00c9 DATOS PERSONALES RECOPILA WATER HORIZON Y C\u00d3MO?<\/b><\/p><p class=\"p13\">Un dato <span class=\"s4\">\u00e0 <\/span><span class=\"s2\">car\u00e1cter <\/span>personal <span class=\"s2\">es una <\/span>informaci\u00f3n <span class=\"s2\">relativo <\/span><span class=\"s3\">\u00e0 <\/span>una persona f\u00edsica identificable, directa <span class=\"s2\">ou <\/span>indirectamente. Los datos personales que <span class=\"s2\">equipo <\/span>podemos incluir:<\/p><ul class=\"ul1\"><li class=\"li14\"><span class=\"s3\"><b>Datos de identidad <\/b><\/span><span class=\"s4\">: <\/span>apellido, nombre, <span class=\"s2\">direcci\u00f3n de correo electr\u00f3nico, <\/span>tel\u00e9fono<\/li><li class=\"li15\"><b>Datos profesionales:<\/b><span class=\"s5\"> curr\u00edculum vitae<\/span><\/li><li class=\"li14\"><span class=\"s3\"><b>Datos inform\u00e1ticos y de actividad digital: <\/b><\/span><span class=\"s2\">direcci\u00f3n <\/span>IP, <span class=\"s2\">galletas, <\/span>registros de actividad <span class=\"s2\">y de conexi\u00f3n, seguido <\/span>de navegaci\u00f3n <span class=\"s2\">sur <\/span>lo <span class=\"s2\">sitio <\/span>Internet<\/li><li class=\"li16\"><span class=\"s3\"><b>Datos de ubicaci\u00f3n <\/b>: <\/span>localizaci\u00f3n <span class=\"s2\">v\u00eda <\/span>la <span class=\"s2\">conexi\u00f3n <\/span>Internet<\/li><\/ul><p class=\"p18\">Cuando nosotros <span class=\"s2\">colecciones <\/span>datos personales <span class=\"s2\">directamente a trav\u00e9s de <\/span>formularios, <span class=\"s2\">los campos <\/span>obligatorio <span class=\"s2\">son <\/span>indicados por <span class=\"s2\">un asterisco. <\/span>Nuestra <span class=\"s2\">sitio <\/span>no est\u00e1 particularmente destinado <span class=\"s2\">ayuda <\/span>mineros y nosotros no <span class=\"s2\">colecciones <\/span>no pasar intencionadamente los datos <span class=\"s2\">concerniente. <\/span>Si <span class=\"s2\">T\u00fa <\/span>pienso que <span class=\"s2\">hemos recolectado <\/span>por inadvertencia de informaci\u00f3n <span class=\"s2\">en sobre <\/span>mineros, <span class=\"s2\">lo <\/span>representante legal <span class=\"s2\">ejercer <\/span>los derechos <span class=\"s2\">por qu\u00e9 <\/span>minero <span class=\"s2\">\u00e0 <\/span>en cualquier momento.<\/p><p class=\"p19\"><b>\u00bfA qui\u00e9n puede divulgar WATER HORIZON mis datos personales?<\/b><\/p><p class=\"p20\">Nos <span class=\"s2\">podemos <\/span>compartir <span class=\"s2\">t\u00fa <\/span>datos personales <span class=\"s2\">con <\/span>les <span class=\"s2\">pr\u00f3ximas partes, en <\/span>la base de un <span class=\"s2\">estricto <\/span>necesidad y <span class=\"s2\">ayuda <\/span>aletas descritas <span class=\"s2\">en esta <\/span>Pol\u00edtica<\/p><ul class=\"ul1\"><li class=\"li21\">Water Horizon SAS y <span class=\"s2\">ses <\/span>filiales<\/li><li class=\"li22\"><span class=\"s1\">Les <\/span>empleados <span class=\"s1\">duc <\/span>servicio comercial o <span class=\"s1\">traje <\/span>servicios <span class=\"s1\">dedicado <\/span>si usted est\u00e1 <span class=\"s1\">un cliente <\/span>actual o <span class=\"s1\">potencial o un socio<\/span><\/li><li class=\"li23\">Les <span class=\"s2\">empleados <\/span>responsables de la contrataci\u00f3n <span class=\"s2\">si t\u00fa <\/span>postular a <span class=\"s4\">uno<\/span><span class=\"s2\"> empleo a trav\u00e9s de nuestros sitios <\/span>Reclutamiento<\/li><li class=\"li24\">OVH, el proveedor de servicios para el funcionamiento, mantenimiento, seguridad, asistencia inform\u00e1tica y alojamiento del sitio web<\/li><\/ul><p class=\"p26\"><b>\u00bfA d\u00f3nde se transfieren mis datos? <\/b><span class=\"s6\"><b>\u00c0 <\/b><\/span><b>\u00bfCAR\u00c1CTER PERSONAL?<\/b><\/p><p class=\"p27\"><span class=\"s2\">Agua <\/span>Horizon SAS no transfiere <span class=\"s2\">t\u00fa <\/span>datos fuera del Espacio Econ\u00f3mico Europeo <span class=\"s2\">(EEE). Sin embargo, su <\/span>datos personales pueden a veces <span class=\"s2\">ser <\/span>transferidas <span class=\"s2\">ayuda <\/span>destinatarios <span class=\"s2\">indique <\/span>en la <span class=\"s2\">secci\u00f3n <\/span>precedente cuya conformidad con las Normativas aplicables en el Espacio Econ\u00f3mico Europeo no puede ser responsabilidad de Water Horizon SAS.<\/p><p class=\"p28\"><b>\u00bfCu\u00e1nto tiempo conserva WATER HORIZON mis datos? <\/b><span class=\"s6\"><b>\u00c0 <\/b><\/span><b>\u00bfCAR\u00c1CTER PERSONAL?<\/b><\/p><p class=\"p29\"><span class=\"s2\">De conformidad con lo <\/span>RGPD, nosotros nos encargamos <span class=\"s2\">y conservemos sus <\/span>datos personales <span class=\"s2\">tambi\u00e9n <\/span>mucho tiempo que es necesario para alcanzar los <span class=\"s2\">objetivos <\/span>para los cuales <span class=\"s2\">ellas han sido <\/span>recopiladas, <span class=\"s2\">incluyendo <\/span>grifo <span class=\"s2\">satisfacer <\/span><span class=\"s4\">\u00e0 <\/span>toda <span class=\"s2\">exigencia <\/span>legal.<\/p><p class=\"p31\"><b>\u00bfCU\u00c1LES SON LAS MEDIDAS DE SEGURIDAD PARA PROTEGER SUS DATOS?<\/b><\/p><p class=\"p33\">Nos comprometemos a implementar todas las medidas t\u00e9cnicas y organizativas necesarias para garantizar la protecci\u00f3n de sus Datos Personales.<\/p><p class=\"p35\"><b>TUS DERECHOS<\/b><\/p><p class=\"p38\"><b>\u00bfCu\u00e1les son mis derechos?<\/b><\/p><p class=\"p39\">Seg\u00fan las leyes <span class=\"s7\">vigueur, vous <\/span>disponga de varios derechos respecto a <span class=\"s7\">tus datos <\/span>personales:<\/p><ul class=\"ul1\"><li class=\"li40\"><b>Acceso e informaci\u00f3n <\/b><span class=\"s7\">: <\/span>recibir una <span class=\"s7\">copiar <\/span>de datos personales que poseemos <span class=\"s7\">y verificar <\/span>su tratamiento l\u00edcito.<\/li><li class=\"li41\"><b>Rectificaci\u00f3n e instalaci\u00f3n <\/b><span class=\"s3\"><b>\u00e0 <\/b><\/span><b>jour <\/b>pedir la <span class=\"s7\">correcci\u00f3n <\/span>datos incompletos <span class=\"s7\">ou <\/span>inexactas, <span class=\"s7\">debajo <\/span>reserva de <span class=\"s7\">verificaci\u00f3n.<\/span><\/li><li class=\"li42\"><span class=\"s8\"><b>Borrado <\/b>en <\/span>algunas circunstancias, conseguir <span class=\"s8\">el borrado de <\/span>t\u00fa <span class=\"s8\">datos <\/span>personales, a menos que surjan obligaciones <span class=\"s8\">legales <\/span>equipo <span class=\"s8\">obligan <\/span><span class=\"s3\">\u00e0 <\/span><span class=\"s8\">les <\/span>conservar.<\/li><li class=\"li43\"><b>Limitaci\u00f3n del procesamiento: <\/b><span class=\"s7\">en<\/span> <span class=\"s7\">algunos <\/span>cas, obtener la limitaci\u00f3n del tratamiento de <span class=\"s7\">t\u00fa <\/span>datos.<\/li><li class=\"li44\"><b>Portabilidad de datos <\/b>recibir <span class=\"s7\">les <\/span>datos personales proporcionados en un formato <span class=\"s7\">estructurado, <\/span>com\u00fanmente utilizado <span class=\"s7\">y <\/span>legible por m\u00e1quina, aplicable \u00fanicamente <span class=\"s7\">ayuda <\/span>informaciones <span class=\"s7\">automatizadas <\/span>basadas <span class=\"s7\">con su consentimiento o <\/span>uno <span class=\"s7\">contrato.<\/span><\/li><li class=\"li45\"><b>Oposici\u00f3n al tratamiento <\/b><span class=\"s7\">oponerse a <\/span>tratamiento de <span class=\"s7\">t\u00fa <\/span>datos cuando nosotros <span class=\"s7\">no tenemos <\/span>no hay base legal para <span class=\"s7\">continuar su uso, <\/span>particularmente <span class=\"s7\">para unos <\/span>prospecciones <span class=\"s7\">comerciales.<\/span><\/li><\/ul><p class=\"p46\"><b>\u00bfC\u00d3MO EJERCER MIS DERECHOS Y\/O CONTACTAR CON WATER HORIZON EN CUALQUIER ASUNTO RELACIONADO CON LA PROTECCI\u00d3N DE DATOS?<\/b><\/p><p class=\"p48\"><span class=\"s8\">Para <\/span>ejercer tu <span class=\"s8\">derechos <\/span>ou <span class=\"s8\">grifo <\/span>toda <span class=\"s8\">pregunta relacionada <\/span>al tratamiento de sus datos <span class=\"s8\">personales, <\/span>cont\u00e1ctenos por correo a <span class=\"s8\">la direcci\u00f3n <\/span>siguiente:<\/p><p class=\"p49\"><b>Water Horizon SAS \u2013 Encargado RGPD<\/b><\/p><p class=\"p50\">Direcci\u00f3n: Zona de Francazal, 135 <span class=\"s7\">avenida <\/span>duc <span class=\"s7\">Comminges, 31270 <\/span>Cugnaux<\/p><p class=\"p52\"><b>POL\u00cdTICA DE USO DE COOKIES<\/b><\/p><p class=\"p54\"><b>\u00bfQU\u00c9 ES UNA COOKIE?<\/b><\/p><p class=\"p55\">Les <span class=\"s7\">las cookies son de <\/span>peque\u00f1os archivos de <span class=\"s7\">datos <\/span>colocado <span class=\"s7\">en tu terminal <\/span>por el <span class=\"s7\">servidor <\/span>de un <span class=\"s7\">sitio <\/span>Internet <span class=\"s7\">ou <\/span>de una <span class=\"s7\">solicitud <\/span>m\u00f3vil. Permiten <span class=\"s7\">a tu <\/span>navegador de <span class=\"s7\">T\u00fa <\/span>reconocer al momento de <span class=\"s7\">tu visita <\/span>inicial o posterior <span class=\"s7\">y simplifican, completan <\/span>y personalizan el uso <span class=\"s7\">del sitio.<\/span><\/p><p class=\"p57\"><b>\u00bfPOR QU\u00c9 UTILIZAMOS COOKIES?<\/b><\/p><p class=\"p58\">Usamos cookies para:<\/p><ul class=\"ul1\"><li class=\"li43\">Facilitar y mejorar el uso de nuestro sitio web, \u00a0<\/li><li class=\"li43\">Personalizar los contenidos y los anuncios publicitarios de nuestro Sitio,<\/li><li class=\"li43\">Ofrecer funciones relacionadas con las redes sociales (incluido el bot\u00f3n de compartir),<\/li><li class=\"li59\">Analizar y medir el rendimiento de la audiencia.<\/li><\/ul><p class=\"p57\"><b>C\u00d3MO DESACTIVAR O ELIMINAR LAS COOKIES<\/b><\/p><p class=\"p61\">Puede optar por desactivar las cookies no esenciales configurando su navegador o directamente a trav\u00e9s de nuestro gestor de cookies.\u00a0<\/p><p class=\"p61\">Puede aceptar o rechazar las cookies caso por caso, o rechazarlas sistem\u00e1ticamente.\u00a0<\/p><p class=\"p62\">Si eliges <span class=\"s8\">no hacer <\/span>aceptar las cookies, usted <span class=\"s8\">siempre podr\u00e1s <\/span>acceder a nuestro sitio y <span class=\"s8\">utilizarlo.<\/span><\/p><p class=\"p64\"><b>MODIFICACI\u00d3N DE ESTA POL\u00cdTICA<\/b><\/p><p class=\"p66\">Des mise <span class=\"s9\">\u00e0 <\/span>jour de cette Politique de Confidentialit\u00e9 peuvent <span class=\"s7\">ser <\/span>efectuadas. Estas se publicar\u00e1n sistem\u00e1ticamente en nuestros sitios en caso de modificaci\u00f3n <span class=\"s7\">sustancial <\/span>del tratamiento de <span class=\"s7\">t\u00fa <\/span>datos personales.<\/p>\t\t\t\t\t\t\t\t<\/div>\n\t\t\t\t<\/div>\n\t\t\t\t\t<\/div>\n\t\t<\/div>\n\t\t\t\t\t<\/div>\n\t\t<\/section>\n\t\t\t\t<\/div>","protected":false},"excerpt":{"rendered":"<p>POLITIQUE DE CONFIDENTIALIT\u00c9 DE WATER HORIZON \u00a0 INTRODUCTION En vigueur depuis le 25 mai 2018, le R\u00e8glement G\u00e9n\u00e9ral sur la Protection des Donn\u00e9es (RGPD) est une r\u00e9glementation europ\u00e9enne visant \u00e0 harmoniser le traitement des donn\u00e9es personnelles sur tout le territoire de l&rsquo;Union Europ\u00e9enne. Cette Politique de Confidentialit\u00e9 s\u2019adresse \u00e0 l\u2019ensemble des visiteurs du site internet. [&hellip;]<\/p>\n","protected":false},"author":1,"featured_media":0,"parent":335,"menu_order":0,"comment_status":"closed","ping_status":"closed","template":"","meta":{"footnotes":""},"class_list":["post-3","page","type-page","status-publish","hentry"],"yoast_head":"<!-- This site is optimized with the Yoast SEO plugin v27.4 - https:\/\/yoast.com\/product\/yoast-seo-wordpress\/ -->\n<title>Politique de confidentialit\u00e9 - Water Horizon<\/title>\n<meta name=\"description\" content=\"D\u00e9couvrez comment Water Horizon prot\u00e8ge et comprendre l&#039;utilisation et la collecte vos informations personelles\" \/>\n<meta name=\"robots\" content=\"index, follow, max-snippet:-1, max-image-preview:large, max-video-preview:-1\" \/>\n<link rel=\"canonical\" href=\"https:\/\/water-horizon.com\/es\/water-horizon\/privacy-policy\/\" \/>\n<meta property=\"og:locale\" content=\"es_ES\" \/>\n<meta property=\"og:type\" content=\"article\" \/>\n<meta property=\"og:title\" content=\"Politique de confidentialit\u00e9 - Water Horizon\" \/>\n<meta property=\"og:description\" content=\"D\u00e9couvrez comment Water Horizon prot\u00e8ge et comprendre l&#039;utilisation et la collecte vos informations personelles\" \/>\n<meta property=\"og:url\" content=\"https:\/\/water-horizon.com\/es\/water-horizon\/privacy-policy\/\" \/>\n<meta property=\"og:site_name\" content=\"Water Horizon\" \/>\n<meta property=\"article:modified_time\" content=\"2024-08-06T10:22:24+00:00\" \/>\n<meta name=\"twitter:card\" content=\"summary_large_image\" \/>\n<meta name=\"twitter:label1\" content=\"Tiempo de lectura\" \/>\n\t<meta name=\"twitter:data1\" content=\"5 minutos\" \/>\n<script type=\"application\/ld+json\" class=\"yoast-schema-graph\">{\"@context\":\"https:\\\/\\\/schema.org\",\"@graph\":[{\"@type\":\"WebPage\",\"@id\":\"https:\\\/\\\/water-horizon.com\\\/water-horizon\\\/privacy-policy\\\/\",\"url\":\"https:\\\/\\\/water-horizon.com\\\/water-horizon\\\/privacy-policy\\\/\",\"name\":\"Politique de confidentialit\u00e9 - Water Horizon\",\"isPartOf\":{\"@id\":\"https:\\\/\\\/water-horizon.com\\\/#website\"},\"datePublished\":\"2023-01-16T15:05:35+00:00\",\"dateModified\":\"2024-08-06T10:22:24+00:00\",\"description\":\"D\u00e9couvrez comment Water Horizon prot\u00e8ge et comprendre l'utilisation et la collecte vos informations personelles\",\"breadcrumb\":{\"@id\":\"https:\\\/\\\/water-horizon.com\\\/water-horizon\\\/privacy-policy\\\/#breadcrumb\"},\"inLanguage\":\"es\",\"potentialAction\":[{\"@type\":\"ReadAction\",\"target\":[\"https:\\\/\\\/water-horizon.com\\\/water-horizon\\\/privacy-policy\\\/\"]}]},{\"@type\":\"BreadcrumbList\",\"@id\":\"https:\\\/\\\/water-horizon.com\\\/water-horizon\\\/privacy-policy\\\/#breadcrumb\",\"itemListElement\":[{\"@type\":\"ListItem\",\"position\":1,\"name\":\"Accueil\",\"item\":\"https:\\\/\\\/water-horizon.com\\\/\"},{\"@type\":\"ListItem\",\"position\":2,\"name\":\"Bienvenue chez Water Horizon\",\"item\":\"https:\\\/\\\/water-horizon.com\\\/\"},{\"@type\":\"ListItem\",\"position\":3,\"name\":\"Politique de confidentialit\u00e9\"}]},{\"@type\":\"WebSite\",\"@id\":\"https:\\\/\\\/water-horizon.com\\\/#website\",\"url\":\"https:\\\/\\\/water-horizon.com\\\/\",\"name\":\"Water Horizon\",\"description\":\"Towards a Greener Future\",\"publisher\":{\"@id\":\"https:\\\/\\\/water-horizon.com\\\/#organization\"},\"potentialAction\":[{\"@type\":\"SearchAction\",\"target\":{\"@type\":\"EntryPoint\",\"urlTemplate\":\"https:\\\/\\\/water-horizon.com\\\/?s={search_term_string}\"},\"query-input\":{\"@type\":\"PropertyValueSpecification\",\"valueRequired\":true,\"valueName\":\"search_term_string\"}}],\"inLanguage\":\"es\"},{\"@type\":\"Organization\",\"@id\":\"https:\\\/\\\/water-horizon.com\\\/#organization\",\"name\":\"Water Horizon\",\"url\":\"https:\\\/\\\/water-horizon.com\\\/\",\"logo\":{\"@type\":\"ImageObject\",\"inLanguage\":\"es\",\"@id\":\"https:\\\/\\\/water-horizon.com\\\/#\\\/schema\\\/logo\\\/image\\\/\",\"url\":\"https:\\\/\\\/water-horizon.com\\\/wp-content\\\/uploads\\\/2024\\\/05\\\/WATER-HORIZON-MainLogo.png\",\"contentUrl\":\"https:\\\/\\\/water-horizon.com\\\/wp-content\\\/uploads\\\/2024\\\/05\\\/WATER-HORIZON-MainLogo.png\",\"width\":2000,\"height\":184,\"caption\":\"Water Horizon\"},\"image\":{\"@id\":\"https:\\\/\\\/water-horizon.com\\\/#\\\/schema\\\/logo\\\/image\\\/\"}}]}<\/script>\n<!-- \/ Yoast SEO plugin. -->","yoast_head_json":{"title":"Politique de confidentialit\u00e9 - Water Horizon","description":"D\u00e9couvrez comment Water Horizon prot\u00e8ge et comprendre l'utilisation et la collecte vos informations personelles","robots":{"index":"index","follow":"follow","max-snippet":"max-snippet:-1","max-image-preview":"max-image-preview:large","max-video-preview":"max-video-preview:-1"},"canonical":"https:\/\/water-horizon.com\/es\/water-horizon\/privacy-policy\/","og_locale":"es_ES","og_type":"article","og_title":"Politique de confidentialit\u00e9 - Water Horizon","og_description":"D\u00e9couvrez comment Water Horizon prot\u00e8ge et comprendre l'utilisation et la collecte vos informations personelles","og_url":"https:\/\/water-horizon.com\/es\/water-horizon\/privacy-policy\/","og_site_name":"Water Horizon","article_modified_time":"2024-08-06T10:22:24+00:00","twitter_card":"summary_large_image","twitter_misc":{"Tiempo de lectura":"5 minutos"},"schema":{"@context":"https:\/\/schema.org","@graph":[{"@type":"WebPage","@id":"https:\/\/water-horizon.com\/water-horizon\/privacy-policy\/","url":"https:\/\/water-horizon.com\/water-horizon\/privacy-policy\/","name":"Politique de confidentialit\u00e9 - Water Horizon","isPartOf":{"@id":"https:\/\/water-horizon.com\/#website"},"datePublished":"2023-01-16T15:05:35+00:00","dateModified":"2024-08-06T10:22:24+00:00","description":"D\u00e9couvrez comment Water Horizon prot\u00e8ge et comprendre l'utilisation et la collecte vos informations personelles","breadcrumb":{"@id":"https:\/\/water-horizon.com\/water-horizon\/privacy-policy\/#breadcrumb"},"inLanguage":"es","potentialAction":[{"@type":"ReadAction","target":["https:\/\/water-horizon.com\/water-horizon\/privacy-policy\/"]}]},{"@type":"BreadcrumbList","@id":"https:\/\/water-horizon.com\/water-horizon\/privacy-policy\/#breadcrumb","itemListElement":[{"@type":"ListItem","position":1,"name":"Accueil","item":"https:\/\/water-horizon.com\/"},{"@type":"ListItem","position":2,"name":"Bienvenue chez Water Horizon","item":"https:\/\/water-horizon.com\/"},{"@type":"ListItem","position":3,"name":"Politique de confidentialit\u00e9"}]},{"@type":"WebSite","@id":"https:\/\/water-horizon.com\/#website","url":"https:\/\/water-horizon.com\/","name":"Horizonte de agua","description":"Hacia un futuro m\u00e1s verde","publisher":{"@id":"https:\/\/water-horizon.com\/#organization"},"potentialAction":[{"@type":"SearchAction","target":{"@type":"EntryPoint","urlTemplate":"https:\/\/water-horizon.com\/?s={search_term_string}"},"query-input":{"@type":"PropertyValueSpecification","valueRequired":true,"valueName":"search_term_string"}}],"inLanguage":"es"},{"@type":"Organization","@id":"https:\/\/water-horizon.com\/#organization","name":"Horizonte de agua","url":"https:\/\/water-horizon.com\/","logo":{"@type":"ImageObject","inLanguage":"es","@id":"https:\/\/water-horizon.com\/#\/schema\/logo\/image\/","url":"https:\/\/water-horizon.com\/wp-content\/uploads\/2024\/05\/WATER-HORIZON-MainLogo.png","contentUrl":"https:\/\/water-horizon.com\/wp-content\/uploads\/2024\/05\/WATER-HORIZON-MainLogo.png","width":2000,"height":184,"caption":"Water Horizon"},"image":{"@id":"https:\/\/water-horizon.com\/#\/schema\/logo\/image\/"}}]}},"_links":{"self":[{"href":"https:\/\/water-horizon.com\/es\/wp-json\/wp\/v2\/pages\/3","targetHints":{"allow":["GET"]}}],"collection":[{"href":"https:\/\/water-horizon.com\/es\/wp-json\/wp\/v2\/pages"}],"about":[{"href":"https:\/\/water-horizon.com\/es\/wp-json\/wp\/v2\/types\/page"}],"author":[{"embeddable":true,"href":"https:\/\/water-horizon.com\/es\/wp-json\/wp\/v2\/users\/1"}],"replies":[{"embeddable":true,"href":"https:\/\/water-horizon.com\/es\/wp-json\/wp\/v2\/comments?post=3"}],"version-history":[{"count":0,"href":"https:\/\/water-horizon.com\/es\/wp-json\/wp\/v2\/pages\/3\/revisions"}],"up":[{"embeddable":true,"href":"https:\/\/water-horizon.com\/es\/wp-json\/wp\/v2\/pages\/335"}],"wp:attachment":[{"href":"https:\/\/water-horizon.com\/es\/wp-json\/wp\/v2\/media?parent=3"}],"curies":[{"name":"wp","href":"https:\/\/api.w.org\/{rel}","templated":true}]}}