{"id":14229,"date":"2024-08-05T13:26:33","date_gmt":"2024-08-05T11:26:33","guid":{"rendered":"https:\/\/admin.water-horizon.com\/?page_id=14229"},"modified":"2025-10-08T17:42:24","modified_gmt":"2025-10-08T15:42:24","slug":"mentions-legales","status":"publish","type":"page","link":"https:\/\/water-horizon.com\/it\/water-horizon\/mentions-legales\/","title":{"rendered":"Menzioni Legali"},"content":{"rendered":"<div data-elementor-type=\"wp-page\" data-elementor-id=\"14229\" class=\"elementor elementor-14229\">\n\t\t\t\t\t\t<section class=\"elementor-section elementor-top-section elementor-element elementor-element-25434705 elementor-section-full_width elementor-section-height-default elementor-section-height-default\" data-id=\"25434705\" data-element_type=\"section\" data-e-type=\"section\">\n\t\t\t\t\t\t<div class=\"elementor-container elementor-column-gap-default\">\n\t\t\t\t\t<div class=\"elementor-column elementor-col-100 elementor-top-column elementor-element elementor-element-5aa2d5b3\" data-id=\"5aa2d5b3\" data-element_type=\"column\" data-e-type=\"column\">\n\t\t\t<div class=\"elementor-widget-wrap elementor-element-populated\">\n\t\t\t\t\t\t<div class=\"elementor-element elementor-element-4bb4e95 elementor-widget elementor-widget-text-editor\" data-id=\"4bb4e95\" data-element_type=\"widget\" data-e-type=\"widget\" data-widget_type=\"text-editor.default\">\n\t\t\t\t<div class=\"elementor-widget-container\">\n\t\t\t\t\t\t\t\t\t<h2 class=\"p1\">Menzioni Legali<\/h2>\n<p class=\"p2\"><b>\u00c9diteur du site<\/b><\/p>\n<p class=\"p3\">Le site internet <a href=\"https:\/\/water-horizon.com\/it\/\"><span class=\"s1\">www.water-horizon.com<\/span><\/a> est \u00e9dit\u00e9 par la soci\u00e9t\u00e9 <span class=\"s2\"><b>WATER HORIZON SAS<\/b><\/span>.<\/p>\n<ul class=\"ul1\">\n<li class=\"li4\"><b>Forme juridique<\/b> : Soci\u00e9t\u00e9 par Actions Simplifi\u00e9e (SAS)<\/li>\n<li class=\"li4\"><b>Capital social<\/b> : 60.072,00 \u20ac<\/li>\n<li class=\"li4\"><b>SIREN<\/b> : 830 353 793 (RCS Toulouse)<\/li>\n<li class=\"li4\"><b>Si\u00e8ge social<\/b> : 135 Avenue du Comminges, 31270 Cugnaux, France<\/li>\n<li class=\"li4\"><b>Adresse \u00e9lectronique<\/b> : <a href=\"mailto:contact@water-horizon.com\"><span class=\"s1\">contact@water-horizon.com<\/span><\/a><\/li>\n<li class=\"li4\"><b>Repr\u00e9sentant l\u00e9gal<\/b> : Jean-Emmanuel FAURE, Pr\u00e9sident de la SAS<\/li>\n<li class=\"li4\"><b>Directeur de la publication<\/b> : Jean-Emmanuel FAURE<\/li>\n<\/ul>\n<p class=\"p2\"><b>H\u00e9bergement<\/b><\/p>\n<p class=\"p3\">Le site internet est h\u00e9berg\u00e9 par la soci\u00e9t\u00e9 <span class=\"s2\"><b>OVH<\/b><\/span>.<\/p>\n<ul class=\"ul1\">\n<li class=\"li4\"><b>Nom ou raison sociale<\/b> : OVH &#8211; Oles Van Hermann<\/li>\n<li class=\"li4\"><b>Adresse<\/b> : 2 rue Kellermann, 59100 Roubaix, France<\/li>\n<li class=\"li4\"><b>T\u00e9l\u00e9phone<\/b> : +33 (0)9 55 00 66 33<\/li>\n<li class=\"li5\"><span class=\"s5\"><b>Site web<\/b> : <a href=\"https:\/\/www.ovhcloud.com\/fr\/\" target=\"_blank\" rel=\"noopener\"><span class=\"s1\">www.ovhcloud.com<\/span><\/a><\/span><\/li>\n<\/ul>\n<p class=\"p2\"><b>Cr\u00e9dits<\/b><\/p>\n<p class=\"p3\">Le d\u00e9veloppement, l&rsquo;int\u00e9gration et la conception graphique du site ont \u00e9t\u00e9 r\u00e9alis\u00e9s par la soci\u00e9t\u00e9 <span class=\"s2\"><b>Maar Studio<\/b><\/span>.<\/p>\n<ul class=\"ul1\">\n<li class=\"li4\"><b>D\u00e9veloppement et int\u00e9gration<\/b> : <a href=\"https:\/\/mariecouronne.com\" target=\"_blank\" rel=\"noopener\">Maar Studio<\/a><\/li>\n<li class=\"li4\"><b>Conception graphique et design<\/b> : <a href=\"https:\/\/mariecouronne.com\" target=\"_blank\" rel=\"noopener\">Maar Studio<\/a><\/li>\n<li class=\"li4\"><b>UX Design &amp; Ergonomie<\/b> : <a href=\"https:\/\/mariecouronne.com\" target=\"_blank\" rel=\"noopener\">Maar Studio<\/a><\/li>\n<li class=\"li4\"><b>Photographies, illustrations, vid\u00e9os<\/b> : Sunny Raux<\/li>\n<\/ul>\n<p class=\"p2\"><b>Propri\u00e9t\u00e9 intellectuelle<\/b><\/p>\n<p class=\"p3\">Tous les contenus pr\u00e9sents sur le site (textes, photographies, animations, dessins, sons et autres \u0153uvres) sont la propri\u00e9t\u00e9 exclusive de <span class=\"s2\"><b>WATER HORIZON<\/b><\/span>. Toute reproduction, repr\u00e9sentation, modification, publication, adaptation de tout ou partie des \u00e9l\u00e9ments du site, quel que soit le moyen ou le proc\u00e9d\u00e9 utilis\u00e9, est interdite, sauf autorisation \u00e9crite pr\u00e9alable de WATER HORIZON.<\/p>\n<p class=\"p2\"><b>Responsabilit\u00e9s <\/b><\/p>\n<p class=\"p3\"><b>WATER HORIZON<\/b> ne peut en aucun cas \u00eatre tenu responsable des dommages ou pr\u00e9judices de toute nature pouvant r\u00e9sulter, \u00e0 titre d&rsquo;exemple, de revendications, d&rsquo;erreurs ou d&rsquo;omissions dans le contenu, de l&rsquo;indisponibilit\u00e9 du site, ou de la transmission de virus ou de programmes malveillants, malgr\u00e9 toutes les mesures technologiques n\u00e9cessaires prises pour les \u00e9viter.<\/p>\n<p class=\"p2\"><b>Protection des donn\u00e9es personnelles<\/b><\/p>\n<p class=\"p3\">WATER HORIZON s&rsquo;engage \u00e0 ce que la collecte et le traitement de vos donn\u00e9es, effectu\u00e9s \u00e0 partir du site <a href=\"https:\/\/water-horizon.com\/it\/\"><span class=\"s1\">www.water-horizon.com<\/span><\/a>, soient conformes au R\u00e8glement G\u00e9n\u00e9ral sur la Protection des Donn\u00e9es (RGPD). Pour plus d&rsquo;informations, veuillez consulter notre <span class=\"s1\">Politique de Confidentialit\u00e9<\/span>.<\/p>\n<p class=\"p2\"><b>Contact<\/b><\/p>\n<p class=\"p3\">Pour toute question, vous pouvez nous contacter par courriel \u00e0 l&rsquo;adresse suivante : <a href=\"mailto:contact@water-horizon.com\"><span class=\"s1\">contact@water-horizon.com<\/span><\/a>.<\/p>\t\t\t\t\t\t\t\t<\/div>\n\t\t\t\t<\/div>\n\t\t\t\t\t<\/div>\n\t\t<\/div>\n\t\t\t\t\t<\/div>\n\t\t<\/section>\n\t\t\t\t<\/div>","protected":false},"excerpt":{"rendered":"<p>Mentions L\u00e9gales \u00c9diteur du site Le site internet www.water-horizon.com est \u00e9dit\u00e9 par la soci\u00e9t\u00e9 WATER HORIZON SAS. Forme juridique : Soci\u00e9t\u00e9 par Actions Simplifi\u00e9e (SAS) Capital social : 60.072,00 \u20ac SIREN : 830 353 793 (RCS Toulouse) Si\u00e8ge social : 135 Avenue du Comminges, 31270 Cugnaux, France Adresse \u00e9lectronique : contact@water-horizon.com Repr\u00e9sentant l\u00e9gal : Jean-Emmanuel [&hellip;]<\/p>\n","protected":false},"author":1,"featured_media":0,"parent":335,"menu_order":0,"comment_status":"closed","ping_status":"closed","template":"","meta":{"footnotes":""},"class_list":["post-14229","page","type-page","status-publish","hentry"],"_links":{"self":[{"href":"https:\/\/water-horizon.com\/it\/wp-json\/wp\/v2\/pages\/14229","targetHints":{"allow":["GET"]}}],"collection":[{"href":"https:\/\/water-horizon.com\/it\/wp-json\/wp\/v2\/pages"}],"about":[{"href":"https:\/\/water-horizon.com\/it\/wp-json\/wp\/v2\/types\/page"}],"author":[{"embeddable":true,"href":"https:\/\/water-horizon.com\/it\/wp-json\/wp\/v2\/users\/1"}],"replies":[{"embeddable":true,"href":"https:\/\/water-horizon.com\/it\/wp-json\/wp\/v2\/comments?post=14229"}],"version-history":[{"count":3,"href":"https:\/\/water-horizon.com\/it\/wp-json\/wp\/v2\/pages\/14229\/revisions"}],"predecessor-version":[{"id":15498,"href":"https:\/\/water-horizon.com\/it\/wp-json\/wp\/v2\/pages\/14229\/revisions\/15498"}],"up":[{"embeddable":true,"href":"https:\/\/water-horizon.com\/it\/wp-json\/wp\/v2\/pages\/335"}],"wp:attachment":[{"href":"https:\/\/water-horizon.com\/it\/wp-json\/wp\/v2\/media?parent=14229"}],"curies":[{"name":"wp","href":"https:\/\/api.w.org\/{rel}","templated":true}]}}