{"id":5658,"date":"2023-02-06T23:38:49","date_gmt":"2023-02-06T23:38:49","guid":{"rendered":"https:\/\/leroux.qodeinteractive.com\/?page_id=5658"},"modified":"2025-01-09T13:28:46","modified_gmt":"2025-01-09T12:28:46","slug":"actualites","status":"publish","type":"page","link":"https:\/\/water-horizon.com\/it\/actualites\/","title":{"rendered":"Notizie"},"content":{"rendered":"\t\t<div data-elementor-type=\"wp-page\" data-elementor-id=\"5658\" class=\"elementor elementor-5658\">\n\t\t\t\t\t\t<section class=\"elementor-section elementor-top-section elementor-element elementor-element-b84304c elementor-section-full_width elementor-section-height-min-height qodef--bg-overlay-fade-in elementor-section-height-default elementor-section-items-middle\" data-id=\"b84304c\" data-element_type=\"section\" data-e-type=\"section\" data-settings=\"{&quot;background_background&quot;:&quot;classic&quot;}\">\n\t\t\t\t\t\t\t<div class=\"elementor-background-overlay\"><\/div>\n\t\t\t\t\t\t\t<div class=\"elementor-container elementor-column-gap-no\">\n\t\t\t\t\t<div class=\"elementor-column elementor-col-100 elementor-top-column elementor-element elementor-element-df301f9\" data-id=\"df301f9\" data-element_type=\"column\" data-e-type=\"column\">\n\t\t\t<div class=\"elementor-widget-wrap elementor-element-populated\">\n\t\t\t\t\t\t<div class=\"elementor-element elementor-element-cc988ca elementor-widget elementor-widget-qi_addons_for_elementor_highlight\" data-id=\"cc988ca\" data-element_type=\"widget\" data-e-type=\"widget\" data-widget_type=\"qi_addons_for_elementor_highlight.default\">\n\t\t\t\t<div class=\"elementor-widget-container\">\n\t\t\t\t\t<h3 class=\"qodef-shortcode qodef-m qodef-qi-highlight qodef-highlight-style--color\" >\n\tD\u00e9couvrez les derni\u00e8res <span class=\"qodef-highlight-text\" style=\"background-image: linear-gradient(to bottom, transparent 0%, #072736 0%, #072736 100%, transparent 100%)\">\nactualit\u00e9s Water Horizon<\/h3>\n\t\t\t\t<\/div>\n\t\t\t\t<\/div>\n\t\t\t\t<div class=\"elementor-element elementor-element-2f142b0 elementor-widget__width-initial elementor-widget elementor-widget-leroux_core_section_title\" data-id=\"2f142b0\" data-element_type=\"widget\" data-e-type=\"widget\" data-widget_type=\"leroux_core_section_title.default\">\n\t\t\t\t<div class=\"elementor-widget-container\">\n\t\t\t\t\t<div class=\"qodef-shortcode qodef-m  qodef-section-title qodef-alignment--left \">\n\t\t\t<p class=\"qodef-m-text\" style=\"color: #EEEEEE\">D\u00e9couvrez comment Water Horizon r\u00e9volutionne la production de froid renouvelable en Europe. D\u00e9couvrez des solutions innovantes pour r\u00e9pondre aux besoins \u00e9nerg\u00e9tiques croissants tout en respectant l&#039;environnement. <\/p>\n<\/div>\n\t\t\t\t<\/div>\n\t\t\t\t<\/div>\n\t\t\t\t\t<\/div>\n\t\t<\/div>\n\t\t\t\t\t<\/div>\n\t\t<\/section>\n\t\t\t\t<section class=\"elementor-section elementor-top-section elementor-element elementor-element-db836b4 elementor-section-boxed elementor-section-height-default elementor-section-height-default\" data-id=\"db836b4\" data-element_type=\"section\" data-e-type=\"section\">\n\t\t\t\t\t\t<div class=\"elementor-container elementor-column-gap-no\">\n\t\t\t\t\t<div class=\"elementor-column elementor-col-100 elementor-top-column elementor-element elementor-element-dacda0e\" data-id=\"dacda0e\" data-element_type=\"column\" data-e-type=\"column\">\n\t\t\t<div class=\"elementor-widget-wrap elementor-element-populated\">\n\t\t\t\t\t\t<div class=\"elementor-element elementor-element-29ea0a5 elementor-widget elementor-widget-leroux_core_blog_list\" data-id=\"29ea0a5\" data-element_type=\"widget\" data-e-type=\"widget\" data-widget_type=\"leroux_core_blog_list.default\">\n\t\t\t\t<div class=\"elementor-widget-container\">\n\t\t\t\t\t<div class=\"qodef-shortcode qodef-m  qodef-blog qodef--list qodef-item-layout--standard   qodef-grid qodef-layout--columns   qodef-vertical-gutter--medium qodef-col-num--1 qodef-item-layout--standard qodef-filter--on qodef-pagination--on qodef-pagination-type--infinite-scroll qodef-responsive--predefined\" data-options=\"{&quot;plugin&quot;:&quot;leroux_core&quot;,&quot;module&quot;:&quot;blog\\\/shortcodes&quot;,&quot;shortcode&quot;:&quot;blog-list&quot;,&quot;post_type&quot;:&quot;post&quot;,&quot;next_page&quot;:&quot;2&quot;,&quot;max_pages_num&quot;:3,&quot;behavior&quot;:&quot;columns&quot;,&quot;images_proportion&quot;:&quot;full&quot;,&quot;columns&quot;:&quot;1&quot;,&quot;columns_responsive&quot;:&quot;predefined&quot;,&quot;vertical_space&quot;:&quot;medium&quot;,&quot;posts_per_page&quot;:&quot;6&quot;,&quot;orderby&quot;:&quot;date&quot;,&quot;order&quot;:&quot;DESC&quot;,&quot;additional_params&quot;:&quot;tax&quot;,&quot;tax&quot;:&quot;category&quot;,&quot;tax_slug&quot;:&quot;article-de-presse, publications&quot;,&quot;layout&quot;:&quot;standard&quot;,&quot;title_tag&quot;:&quot;h2&quot;,&quot;excerpt_length&quot;:&quot;350&quot;,&quot;enable_filter&quot;:&quot;yes&quot;,&quot;pagination_type&quot;:&quot;infinite-scroll&quot;,&quot;object_class_name&quot;:&quot;LerouxCore_Blog_List_Shortcode&quot;,&quot;taxonomy_filter&quot;:&quot;category&quot;,&quot;additional_query_args&quot;:{&quot;tax_query&quot;:[{&quot;taxonomy&quot;:&quot;category&quot;,&quot;field&quot;:&quot;slug&quot;,&quot;terms&quot;:[&quot;article-de-presse&quot;,&quot; publications&quot;]}]}}\">\n\t\t<div class=\"qodef-m-filter\">\n\t\t\t\t\t<div class=\"qodef-m-filter-items\">\n\t\t\t\t<a class=\"qodef-m-filter-item qodef--active\" href=\"#\" data-taxonomy=\"category\" data-filter=\"*\">\n\t\t\t\t\t<span class=\"qodef-m-filter-item-name\">Show All<\/span>\n\t\t\t\t<\/a>\n\t\t\t\t\t\t\t\t\t<a class=\"qodef-m-filter-item\" href=\"#\" data-taxonomy=\"category\" data-filter=\"article-de-presse\">\n\t\t\t\t\t\t<span class=\"qodef-m-filter-item-name\">Article de presse<\/span>\n\t\t\t\t\t<\/a>\n\t\t\t\t\t\t\t\t\t<a class=\"qodef-m-filter-item\" href=\"#\" data-taxonomy=\"category\" data-filter=\"press-review\">\n\t\t\t\t\t\t<span class=\"qodef-m-filter-item-name\">Press Review<\/span>\n\t\t\t\t\t<\/a>\n\t\t\t\t\t\t\t\t\t<a class=\"qodef-m-filter-item\" href=\"#\" data-taxonomy=\"category\" data-filter=\"publications\">\n\t\t\t\t\t\t<span class=\"qodef-m-filter-item-name\">Publications<\/span>\n\t\t\t\t\t<\/a>\n\t\t\t\t\t\t\t\t\t<a class=\"qodef-m-filter-item\" href=\"#\" data-taxonomy=\"category\" data-filter=\"publications-en\">\n\t\t\t\t\t\t<span class=\"qodef-m-filter-item-name\">Publications<\/span>\n\t\t\t\t\t<\/a>\n\t\t\t\t\t\t\t<\/div>\n\t\t\t<\/div>\n\t\t<div class=\"qodef-grid-inner\">\n\t\t<article class=\"qodef-e qodef-blog-item qodef-grid-item qodef-item--full post-15205 post type-post status-publish format-link hentry category-article-de-presse post_format-post-format-link\">\n\t<div class=\"qodef-e-inner\">\n\t\t\t<div class=\"qodef-e-link\">\n\t\t<svg class=\"qodef-svg--link qodef-e-link-icon\" width=\"32\" height=\"32.81600189\" viewBox=\"0 0 32 32.81600189\" xmlns=\"http:\/\/www.w3.org\/2000\/svg\"><path d=\"M9.558 4.056c1.17-1.17 3.072-1.17 4.242 0l10.726 10.726c.528-1.998.034-4.21-1.532-5.776l-7.072-7.07c-2.344-2.344-6.142-2.344-8.486 0l-1.59 1.59c-2.344 2.344-2.344 6.142 0 8.486l7.072 7.072c1.566 1.566 3.778 2.06 5.776 1.532L7.968 9.89c-1.17-1.17-1.17-3.072 0-4.242l1.59-1.592zm6.52 26.008c2.344 2.344 6.142 2.344 8.486 0l1.59-1.592c2.344-2.344 2.344-6.142 0-8.486l-7.072-7.068c-1.566-1.566-3.778-2.06-5.776-1.532l10.726 10.726c1.17 1.17 1.17 3.072 0 4.242l-1.592 1.592c-1.17 1.17-3.072 1.17-4.242 0L7.474 17.218c-.528 1.998-.034 4.21 1.532 5.776l7.072 7.07z\"\/><\/svg>        <div class=\"qodef-e-info-holder\">\n            <a itemprop=\"dateCreated\" href=\"https:\/\/water-horizon.com\/it\/2024\/11\/\" class=\"entry-date \">\n\t6 Novembre 2024<\/a><div class=\"qodef-info-separator-end\"><\/div>\n<a href=\"https:\/\/water-horizon.com\/it\/category\/article-de-presse\/\" rel=\"tag\">Article de presse<\/a><div class=\"qodef-info-separator-end\"><\/div>        <\/div>\n\t\t<h4 class=\"qodef-e-link-text\">Cooling as a Service : comment Water Horizon r\u00e9pond au besoin en r\u00e9frig\u00e9ration<\/h4>\n\t\n\t\t<a itemprop=\"url\" class=\"qodef-e-link-url\" href=\"https:\/\/lehub.laposte.fr\/cooling-as-a-service-Water-Horizon\" target=\"_blank\" rel=\"noopener\"><\/a>\n\t<\/div>\n\t<\/div>\n<\/article>\n<article class=\"qodef-e qodef-blog-item qodef-grid-item qodef-item--full post-15209 post type-post status-publish format-link hentry category-article-de-presse post_format-post-format-link\">\n\t<div class=\"qodef-e-inner\">\n\t\t\t<div class=\"qodef-e-link\">\n\t\t<svg class=\"qodef-svg--link qodef-e-link-icon\" width=\"32\" height=\"32.81600189\" viewBox=\"0 0 32 32.81600189\" xmlns=\"http:\/\/www.w3.org\/2000\/svg\"><path d=\"M9.558 4.056c1.17-1.17 3.072-1.17 4.242 0l10.726 10.726c.528-1.998.034-4.21-1.532-5.776l-7.072-7.07c-2.344-2.344-6.142-2.344-8.486 0l-1.59 1.59c-2.344 2.344-2.344 6.142 0 8.486l7.072 7.072c1.566 1.566 3.778 2.06 5.776 1.532L7.968 9.89c-1.17-1.17-1.17-3.072 0-4.242l1.59-1.592zm6.52 26.008c2.344 2.344 6.142 2.344 8.486 0l1.59-1.592c2.344-2.344 2.344-6.142 0-8.486l-7.072-7.068c-1.566-1.566-3.778-2.06-5.776-1.532l10.726 10.726c1.17 1.17 1.17 3.072 0 4.242l-1.592 1.592c-1.17 1.17-3.072 1.17-4.242 0L7.474 17.218c-.528 1.998-.034 4.21 1.532 5.776l7.072 7.07z\"\/><\/svg>        <div class=\"qodef-e-info-holder\">\n            <a itemprop=\"dateCreated\" href=\"https:\/\/water-horizon.com\/it\/2024\/09\/\" class=\"entry-date \">\n\t24 Settembre 2024<\/a><div class=\"qodef-info-separator-end\"><\/div>\n<a href=\"https:\/\/water-horizon.com\/it\/category\/article-de-presse\/\" rel=\"tag\">Article de presse<\/a><div class=\"qodef-info-separator-end\"><\/div>        <\/div>\n\t\t<h4 class=\"qodef-e-link-text\">Water Horizon : une solution fran\u00e7aise qui fait de la d\u00e9carbonation des entreprises une action simple et rentable<\/h4>\n\t\n\t\t<a itemprop=\"url\" class=\"qodef-e-link-url\" href=\"https:\/\/www.usinenouvelle.com\/article\/water-horizon-une-solution-francaise-qui-fait-de-la-decarbonation-des-entreprises-une-action-simple-et-rentable.N2219195\" target=\"_blank\" rel=\"noopener\"><\/a>\n\t<\/div>\n\t<\/div>\n<\/article>\n<article class=\"qodef-e qodef-blog-item qodef-grid-item qodef-item--full post-13701 post type-post status-publish format-standard hentry category-publications\">\n\t<div class=\"qodef-e-inner\">\n\t\t<div class=\"qodef-e-media\">\n\t<\/div>\n\t<a itemprop=\"dateCreated\" href=\"https:\/\/water-horizon.com\/it\/2024\/07\/\" class=\"entry-date qodef-list-date \">\n\t\t<div class=\"qodef-day\">\n\t\t\t22\t\t<\/div>\n\t\t<div class=\"qodef-month\">\n\t\t\tLug\t\t<\/div>\n\t<\/a>\n\t\t<div class=\"qodef-e-content\">\n\t\t\t<div class=\"qodef-e-top-holder\">\n\t\t\t\t<div class=\"qodef-e-info\">\n\t\t\t\t\t<a href=\"https:\/\/water-horizon.com\/it\/category\/publications\/\" rel=\"tag\">Publications<\/a><div class=\"qodef-info-separator-end\"><\/div>\t\t\t\t<\/div>\n\t\t\t<\/div>\n\t\t\t<div class=\"qodef-e-text\">\n\t\t\t\t<h2 itemprop=\"name\" class=\"qodef-e-title entry-title\" >\n\t<a itemprop=\"url\" class=\"qodef-e-title-link\" href=\"https:\/\/water-horizon.com\/it\/innovation-fund-promouvoir-des-technologies-vertes-et-innovantes\/\">\n\t\tInnovation Fund:  Promouvoir des technologies vertes et innovantes\t<\/a>\n<\/h2>\n\t\t<p itemprop=\"description\" class=\"qodef-e-excerpt\">Le Projet Water Horizon Water Horizon met en service sa premi\u00e8re batterie thermique industrielle ! Cette batterie fournira de la chaleur et du froid renouvelable exempt de gaz \u00e0 effet de serre (GES). Le projet ambitionne de valoriser la chaleur fatale de l\u2019incin\u00e9rateur de Toulouse (France), en la transportant jusqu\u2019au complexe sportif piscin<\/p>\n\t\t\t\t\t<\/div>\n\t\t\t<div class=\"qodef-e-bottom-holder\">\n\t\t\t\t<div class=\"qodef-e-left\">\n\t\t\t\t\t\t<div class=\"qodef-e-read-more\">\n\t\t<a class=\"qodef-shortcode qodef-m  qodef-button qodef-layout--filled   qodef-html--link\" href=\"https:\/\/water-horizon.com\/it\/innovation-fund-promouvoir-des-technologies-vertes-et-innovantes\/\" target=\"_self\">    <span class=\"qodef-m-text\">Read More<\/span>    <span class=\"qodef-m-arrow\"><svg class=\"qodef-svg--button-arrow\" xmlns=\"http:\/\/www.w3.org\/2000\/svg\" width=\"10\" height=\"10\" viewBox=\"0 0 9.8 9.8\"><g><path d=\"m.4 9.4 9-9\"\/><path d=\"M.4.5h8.9\"\/><path d=\"M9.3 9.4V.5\"\/><\/g><g><path d=\"m.4 9.4 9-9\"\/><path d=\"M.4.5h8.9\"\/><path d=\"M9.3 9.4V.5\"\/><\/g><\/svg><\/span><\/a>\t<\/div>\n\t\t\t\t<\/div>\n\t\t\t\t<div class=\"qodef-e-right qodef-e-info\">\n\t\t\t\t\t\t<div class=\"qodef-e qodef-info--social-share\">\n\t\t<div class=\"qodef-shortcode qodef-m  qodef-social-share clear qodef-layout--dropdown qodef-dropdown--left\">\t<a class=\"qodef-social-share-dropdown-opener\" href=\"javascript:void(0)\">\t\t<span class=\"qodef-social-title qodef-custom-label\">Share<\/span>\t\t<svg class=\"qodef-svg--social-share qodef-e-social-share-icon\" xmlns=\"http:\/\/www.w3.org\/2000\/svg\" width=\"18\" height=\"18\" viewBox=\"0 0 512 512\"><path d=\"M384 336a63.78 63.78 0 0 0-46.12 19.7l-148-83.27a63.85 63.85 0 0 0 0-32.86l148-83.27a63.8 63.8 0 1 0-15.73-27.87l-148 83.27a64 64 0 1 0 0 88.6l148 83.27A64 64 0 1 0 384 336Z\"\/><\/svg>\t<\/a>\t<div class=\"qodef-social-share-dropdown\">\t\t<ul class=\"qodef-shortcode-list\">\t\t\t<li class=\"qodef-linkedin-share\">\t<a itemprop=\"url\" class=\"qodef-share-link\" href=\"#\" onclick=\"popUp=window.open(&#039;https:\/\/linkedin.com\/shareArticle?mini=true&amp;url=https%3A%2F%2Fwater-horizon.com%2Fit%2Finnovation-fund-promouvoir-des-technologies-vertes-et-innovantes%2F&amp;title=Innovation+Fund%3A++Promouvoir+des+technologies+vertes+et+innovantes&#039;, &#039;popupwindow&#039;, &#039;scrollbars=yes,width=800,height=400&#039;);popUp.focus();return false;\">\t\t\t\t\t<svg class=\"qodef-svg--linkedin qodef-linkedin-share\" width=\"23\" height=\"23\" viewBox=\"0 0 32 32\" xmlns=\"http:\/\/www.w3.org\/2000\/svg\"><path d=\"M16 0C7.164 0 0 7.164 0 16s7.164 16 16 16 16-7.164 16-16c0-8.838-7.164-16-16-16zm-4 23.75H8v-14h4v14zM10.124 8.892c-1.036 0-1.874-.84-1.874-1.876s.84-1.876 1.874-1.876C11.16 5.142 12 5.982 12 7.016c0 1.036-.84 1.876-1.876 1.876zM26 23.75h-4v-8.656c0-1.014-.29-1.724-1.536-1.724-2.066 0-2.464 1.724-2.464 1.724v8.656h-4v-14h4v1.338c.572-.438 2-1.336 4-1.336 1.298 0 4 .776 4 5.464v8.534z\" \/><\/svg>\t\t\t<\/a><\/li>\t\t<\/ul>\t<\/div><\/div>\t<\/div>\n\t\t\t\t<\/div>\n\t\t\t<\/div>\n\t\t<\/div>\n\t<\/div>\n<\/article>\n<article class=\"qodef-e qodef-blog-item qodef-grid-item qodef-item--full post-14217 post type-post status-publish format-link has-post-thumbnail hentry category-article-de-presse tag-batterie tag-energie tag-starups tag-trophee tag-waterhorizon post_format-post-format-link\">\n\t<div class=\"qodef-e-inner\">\n\t\t\t<div class=\"qodef-e-link\">\n\t\t<svg class=\"qodef-svg--link qodef-e-link-icon\" width=\"32\" height=\"32.81600189\" viewBox=\"0 0 32 32.81600189\" xmlns=\"http:\/\/www.w3.org\/2000\/svg\"><path d=\"M9.558 4.056c1.17-1.17 3.072-1.17 4.242 0l10.726 10.726c.528-1.998.034-4.21-1.532-5.776l-7.072-7.07c-2.344-2.344-6.142-2.344-8.486 0l-1.59 1.59c-2.344 2.344-2.344 6.142 0 8.486l7.072 7.072c1.566 1.566 3.778 2.06 5.776 1.532L7.968 9.89c-1.17-1.17-1.17-3.072 0-4.242l1.59-1.592zm6.52 26.008c2.344 2.344 6.142 2.344 8.486 0l1.59-1.592c2.344-2.344 2.344-6.142 0-8.486l-7.072-7.068c-1.566-1.566-3.778-2.06-5.776-1.532l10.726 10.726c1.17 1.17 1.17 3.072 0 4.242l-1.592 1.592c-1.17 1.17-3.072 1.17-4.242 0L7.474 17.218c-.528 1.998-.034 4.21 1.532 5.776l7.072 7.07z\"\/><\/svg>        <div class=\"qodef-e-info-holder\">\n            <a itemprop=\"dateCreated\" href=\"https:\/\/water-horizon.com\/it\/2024\/06\/\" class=\"entry-date \">\n\t26 Giugno 2024<\/a><div class=\"qodef-info-separator-end\"><\/div>\n<a href=\"https:\/\/water-horizon.com\/it\/category\/article-de-presse\/\" rel=\"tag\">Article de presse<\/a><div class=\"qodef-info-separator-end\"><\/div>        <\/div>\n\t\t<h4 class=\"qodef-e-link-text\">Water Horizon, Alia Sant\u00e9\u2026 Voici les grands gagnants du prix Next Innov 2024<\/h4>\n\t\n\t\t<a itemprop=\"url\" class=\"qodef-e-link-url\" href=\"https:\/\/www.maddyness.com\/2024\/05\/30\/water-horizon-alia-sante-voici-les-grands-gagnants-du-prix-next-innov-2024\/\" target=\"_blank\" rel=\"noopener\"><\/a>\n\t<\/div>\n\t<\/div>\n<\/article>\n<article class=\"qodef-e qodef-blog-item qodef-grid-item qodef-item--full post-167 post type-post status-publish format-standard hentry category-publications\">\n\t<div class=\"qodef-e-inner\">\n\t\t<div class=\"qodef-e-media\">\n\t<\/div>\n\t<a itemprop=\"dateCreated\" href=\"https:\/\/water-horizon.com\/it\/2024\/04\/\" class=\"entry-date qodef-list-date \">\n\t\t<div class=\"qodef-day\">\n\t\t\t16\t\t<\/div>\n\t\t<div class=\"qodef-month\">\n\t\t\tApr\t\t<\/div>\n\t<\/a>\n\t\t<div class=\"qodef-e-content\">\n\t\t\t<div class=\"qodef-e-top-holder\">\n\t\t\t\t<div class=\"qodef-e-info\">\n\t\t\t\t\t<a href=\"https:\/\/water-horizon.com\/it\/category\/publications\/\" rel=\"tag\">Publications<\/a><div class=\"qodef-info-separator-end\"><\/div>\t\t\t\t<\/div>\n\t\t\t<\/div>\n\t\t\t<div class=\"qodef-e-text\">\n\t\t\t\t<h2 itemprop=\"name\" class=\"qodef-e-title entry-title\" >\n\t<a itemprop=\"url\" class=\"qodef-e-title-link\" href=\"https:\/\/water-horizon.com\/it\/froid-renouvelable-enjeu\/\">\n\t\tLe froid renouvelable, un nouvel enjeu europ\u00e9en\t<\/a>\n<\/h2>\n\t\t<p itemprop=\"description\" class=\"qodef-e-excerpt\">I &#8211; Des besoins en froid de plus en plus importants Le r\u00e9chauffement climatique est un sujet de plus en plus pr\u00e9sent dans la vie de tous et devient un enjeu critique pour les territoires du monde entier. De nombreuses cons\u00e9quences de ce bouleversement climatique se font ressentir, la hausse des temp\u00e9ratures \u00e9tant l\u2019une des [&hellip;]<\/p>\n\t\t\t\t\t<\/div>\n\t\t\t<div class=\"qodef-e-bottom-holder\">\n\t\t\t\t<div class=\"qodef-e-left\">\n\t\t\t\t\t\t<div class=\"qodef-e-read-more\">\n\t\t<a class=\"qodef-shortcode qodef-m  qodef-button qodef-layout--filled   qodef-html--link\" href=\"https:\/\/water-horizon.com\/it\/froid-renouvelable-enjeu\/\" target=\"_self\">    <span class=\"qodef-m-text\">Read More<\/span>    <span class=\"qodef-m-arrow\"><svg class=\"qodef-svg--button-arrow\" xmlns=\"http:\/\/www.w3.org\/2000\/svg\" width=\"10\" height=\"10\" viewBox=\"0 0 9.8 9.8\"><g><path d=\"m.4 9.4 9-9\"\/><path d=\"M.4.5h8.9\"\/><path d=\"M9.3 9.4V.5\"\/><\/g><g><path d=\"m.4 9.4 9-9\"\/><path d=\"M.4.5h8.9\"\/><path d=\"M9.3 9.4V.5\"\/><\/g><\/svg><\/span><\/a>\t<\/div>\n\t\t\t\t<\/div>\n\t\t\t\t<div class=\"qodef-e-right qodef-e-info\">\n\t\t\t\t\t\t<div class=\"qodef-e qodef-info--social-share\">\n\t\t<div class=\"qodef-shortcode qodef-m  qodef-social-share clear qodef-layout--dropdown qodef-dropdown--left\">\t<a class=\"qodef-social-share-dropdown-opener\" href=\"javascript:void(0)\">\t\t<span class=\"qodef-social-title qodef-custom-label\">Share<\/span>\t\t<svg class=\"qodef-svg--social-share qodef-e-social-share-icon\" xmlns=\"http:\/\/www.w3.org\/2000\/svg\" width=\"18\" height=\"18\" viewBox=\"0 0 512 512\"><path d=\"M384 336a63.78 63.78 0 0 0-46.12 19.7l-148-83.27a63.85 63.85 0 0 0 0-32.86l148-83.27a63.8 63.8 0 1 0-15.73-27.87l-148 83.27a64 64 0 1 0 0 88.6l148 83.27A64 64 0 1 0 384 336Z\"\/><\/svg>\t<\/a>\t<div class=\"qodef-social-share-dropdown\">\t\t<ul class=\"qodef-shortcode-list\">\t\t\t<li class=\"qodef-linkedin-share\">\t<a itemprop=\"url\" class=\"qodef-share-link\" href=\"#\" onclick=\"popUp=window.open(&#039;https:\/\/linkedin.com\/shareArticle?mini=true&amp;url=https%3A%2F%2Fwater-horizon.com%2Fit%2Ffroid-renouvelable-enjeu%2F&amp;title=Le+froid+renouvelable%2C+un+nouvel+enjeu+europ%C3%A9en&#039;, &#039;popupwindow&#039;, &#039;scrollbars=yes,width=800,height=400&#039;);popUp.focus();return false;\">\t\t\t\t\t<svg class=\"qodef-svg--linkedin qodef-linkedin-share\" width=\"23\" height=\"23\" viewBox=\"0 0 32 32\" xmlns=\"http:\/\/www.w3.org\/2000\/svg\"><path d=\"M16 0C7.164 0 0 7.164 0 16s7.164 16 16 16 16-7.164 16-16c0-8.838-7.164-16-16-16zm-4 23.75H8v-14h4v14zM10.124 8.892c-1.036 0-1.874-.84-1.874-1.876s.84-1.876 1.874-1.876C11.16 5.142 12 5.982 12 7.016c0 1.036-.84 1.876-1.876 1.876zM26 23.75h-4v-8.656c0-1.014-.29-1.724-1.536-1.724-2.066 0-2.464 1.724-2.464 1.724v8.656h-4v-14h4v1.338c.572-.438 2-1.336 4-1.336 1.298 0 4 .776 4 5.464v8.534z\" \/><\/svg>\t\t\t<\/a><\/li>\t\t<\/ul>\t<\/div><\/div>\t<\/div>\n\t\t\t\t<\/div>\n\t\t\t<\/div>\n\t\t<\/div>\n\t<\/div>\n<\/article>\n<article class=\"qodef-e qodef-blog-item qodef-grid-item qodef-item--full post-158 post type-post status-publish format-standard hentry category-publications\">\n\t<div class=\"qodef-e-inner\">\n\t\t<div class=\"qodef-e-media\">\n\t<\/div>\n\t<a itemprop=\"dateCreated\" href=\"https:\/\/water-horizon.com\/it\/2024\/03\/\" class=\"entry-date qodef-list-date \">\n\t\t<div class=\"qodef-day\">\n\t\t\t25\t\t<\/div>\n\t\t<div class=\"qodef-month\">\n\t\t\tMar\t\t<\/div>\n\t<\/a>\n\t\t<div class=\"qodef-e-content\">\n\t\t\t<div class=\"qodef-e-top-holder\">\n\t\t\t\t<div class=\"qodef-e-info\">\n\t\t\t\t\t<a href=\"https:\/\/water-horizon.com\/it\/category\/publications\/\" rel=\"tag\">Publications<\/a><div class=\"qodef-info-separator-end\"><\/div>\t\t\t\t<\/div>\n\t\t\t<\/div>\n\t\t\t<div class=\"qodef-e-text\">\n\t\t\t\t<h2 itemprop=\"name\" class=\"qodef-e-title entry-title\" >\n\t<a itemprop=\"url\" class=\"qodef-e-title-link\" href=\"https:\/\/water-horizon.com\/it\/decarbonation-industrie-francaise\/\">\n\t\tObjectif: D\u00e9carbonation de l\u2019Industrie fran\u00e7aise\t<\/a>\n<\/h2>\n\t\t<p itemprop=\"description\" class=\"qodef-e-excerpt\">1- La d\u00e9carbonation, qu\u2019est-ce que c\u2019est ? Le principe de d\u00e9carbonation de l\u2019industrie consiste \u00e0 r\u00e9duire et\/ou supprimer les \u00e9missions de gaz \u00e0 effets de serre, \u00e0 l\u2019\u00e9chelle nationale, g\u00e9n\u00e9r\u00e9es par les activit\u00e9s industrielles diverses. Elle se concentre sur 3 leviers principaux : Am\u00e9liorer l\u2019efficacit\u00e9 \u00e9nerg\u00e9tique des indu<\/p>\n\t\t\t\t\t<\/div>\n\t\t\t<div class=\"qodef-e-bottom-holder\">\n\t\t\t\t<div class=\"qodef-e-left\">\n\t\t\t\t\t\t<div class=\"qodef-e-read-more\">\n\t\t<a class=\"qodef-shortcode qodef-m  qodef-button qodef-layout--filled   qodef-html--link\" href=\"https:\/\/water-horizon.com\/it\/decarbonation-industrie-francaise\/\" target=\"_self\">    <span class=\"qodef-m-text\">Read More<\/span>    <span class=\"qodef-m-arrow\"><svg class=\"qodef-svg--button-arrow\" xmlns=\"http:\/\/www.w3.org\/2000\/svg\" width=\"10\" height=\"10\" viewBox=\"0 0 9.8 9.8\"><g><path d=\"m.4 9.4 9-9\"\/><path d=\"M.4.5h8.9\"\/><path d=\"M9.3 9.4V.5\"\/><\/g><g><path d=\"m.4 9.4 9-9\"\/><path d=\"M.4.5h8.9\"\/><path d=\"M9.3 9.4V.5\"\/><\/g><\/svg><\/span><\/a>\t<\/div>\n\t\t\t\t<\/div>\n\t\t\t\t<div class=\"qodef-e-right qodef-e-info\">\n\t\t\t\t\t\t<div class=\"qodef-e qodef-info--social-share\">\n\t\t<div class=\"qodef-shortcode qodef-m  qodef-social-share clear qodef-layout--dropdown qodef-dropdown--left\">\t<a class=\"qodef-social-share-dropdown-opener\" href=\"javascript:void(0)\">\t\t<span class=\"qodef-social-title qodef-custom-label\">Share<\/span>\t\t<svg class=\"qodef-svg--social-share qodef-e-social-share-icon\" xmlns=\"http:\/\/www.w3.org\/2000\/svg\" width=\"18\" height=\"18\" viewBox=\"0 0 512 512\"><path d=\"M384 336a63.78 63.78 0 0 0-46.12 19.7l-148-83.27a63.85 63.85 0 0 0 0-32.86l148-83.27a63.8 63.8 0 1 0-15.73-27.87l-148 83.27a64 64 0 1 0 0 88.6l148 83.27A64 64 0 1 0 384 336Z\"\/><\/svg>\t<\/a>\t<div class=\"qodef-social-share-dropdown\">\t\t<ul class=\"qodef-shortcode-list\">\t\t\t<li class=\"qodef-linkedin-share\">\t<a itemprop=\"url\" class=\"qodef-share-link\" href=\"#\" onclick=\"popUp=window.open(&#039;https:\/\/linkedin.com\/shareArticle?mini=true&amp;url=https%3A%2F%2Fwater-horizon.com%2Fit%2Fdecarbonation-industrie-francaise%2F&amp;title=Objectif%3A+D%C3%A9carbonation+de+l%E2%80%99Industrie+fran%C3%A7aise&#039;, &#039;popupwindow&#039;, &#039;scrollbars=yes,width=800,height=400&#039;);popUp.focus();return false;\">\t\t\t\t\t<svg class=\"qodef-svg--linkedin qodef-linkedin-share\" width=\"23\" height=\"23\" viewBox=\"0 0 32 32\" xmlns=\"http:\/\/www.w3.org\/2000\/svg\"><path d=\"M16 0C7.164 0 0 7.164 0 16s7.164 16 16 16 16-7.164 16-16c0-8.838-7.164-16-16-16zm-4 23.75H8v-14h4v14zM10.124 8.892c-1.036 0-1.874-.84-1.874-1.876s.84-1.876 1.874-1.876C11.16 5.142 12 5.982 12 7.016c0 1.036-.84 1.876-1.876 1.876zM26 23.75h-4v-8.656c0-1.014-.29-1.724-1.536-1.724-2.066 0-2.464 1.724-2.464 1.724v8.656h-4v-14h4v1.338c.572-.438 2-1.336 4-1.336 1.298 0 4 .776 4 5.464v8.534z\" \/><\/svg>\t\t\t<\/a><\/li>\t\t<\/ul>\t<\/div><\/div>\t<\/div>\n\t\t\t\t<\/div>\n\t\t\t<\/div>\n\t\t<\/div>\n\t<\/div>\n<\/article>\n\t<\/div>\n\t\t<div class=\"qodef-m-pagination qodef--infinite-scroll\">\n\t\t<svg class=\"qodef-svg--spinner qodef-m-pagination-spinner\" xmlns=\"http:\/\/www.w3.org\/2000\/svg\" width=\"512\" height=\"512\" viewBox=\"0 0 512 512\"><path d=\"M304 48c0 26.51-21.49 48-48 48s-48-21.49-48-48 21.49-48 48-48 48 21.49 48 48zm-48 368c-26.51 0-48 21.49-48 48s21.49 48 48 48 48-21.49 48-48-21.49-48-48-48zm208-208c-26.51 0-48 21.49-48 48s21.49 48 48 48 48-21.49 48-48-21.49-48-48-48zM96 256c0-26.51-21.49-48-48-48S0 229.49 0 256s21.49 48 48 48 48-21.49 48-48zm12.922 99.078c-26.51 0-48 21.49-48 48s21.49 48 48 48 48-21.49 48-48c0-26.509-21.491-48-48-48zm294.156 0c-26.51 0-48 21.49-48 48s21.49 48 48 48 48-21.49 48-48c0-26.509-21.49-48-48-48zM108.922 60.922c-26.51 0-48 21.49-48 48s21.49 48 48 48 48-21.49 48-48-21.491-48-48-48z\"><\/path><\/svg>\t<\/div>\n<\/div>\n\t\t\t\t<\/div>\n\t\t\t\t<\/div>\n\t\t\t\t\t<\/div>\n\t\t<\/div>\n\t\t\t\t\t<\/div>\n\t\t<\/section>\n\t\t\t\t<\/div>\n\t\t","protected":false},"excerpt":{"rendered":"<p>D\u00e9couvrez les derni\u00e8res actualit\u00e9s Water Horizon D\u00e9couvrez comment Water Horizon r\u00e9volutionne la production de froid renouvelable en Europe. D\u00e9couvrez des solutions innovantes pour r\u00e9pondre aux besoins \u00e9nerg\u00e9tiques croissants tout en respectant l&#039;environnement. Tout voir Article de presse Press Review Publications Publications 6 novembre 2024 Article de presse Cooling as a Service : comment Water Horizon [&hellip;]<\/p>\n","protected":false},"author":1,"featured_media":0,"parent":0,"menu_order":0,"comment_status":"closed","ping_status":"closed","template":"page-full-width.php","meta":{"footnotes":""},"class_list":["post-5658","page","type-page","status-publish","hentry"],"_links":{"self":[{"href":"https:\/\/water-horizon.com\/it\/wp-json\/wp\/v2\/pages\/5658","targetHints":{"allow":["GET"]}}],"collection":[{"href":"https:\/\/water-horizon.com\/it\/wp-json\/wp\/v2\/pages"}],"about":[{"href":"https:\/\/water-horizon.com\/it\/wp-json\/wp\/v2\/types\/page"}],"author":[{"embeddable":true,"href":"https:\/\/water-horizon.com\/it\/wp-json\/wp\/v2\/users\/1"}],"replies":[{"embeddable":true,"href":"https:\/\/water-horizon.com\/it\/wp-json\/wp\/v2\/comments?post=5658"}],"version-history":[{"count":0,"href":"https:\/\/water-horizon.com\/it\/wp-json\/wp\/v2\/pages\/5658\/revisions"}],"wp:attachment":[{"href":"https:\/\/water-horizon.com\/it\/wp-json\/wp\/v2\/media?parent=5658"}],"curies":[{"name":"wp","href":"https:\/\/api.w.org\/{rel}","templated":true}]}}